{"id":6542,"date":"2026-02-27T15:56:18","date_gmt":"2026-02-27T15:56:18","guid":{"rendered":"https:\/\/giellajohka.com\/?page_id=6542"},"modified":"2026-02-27T15:56:20","modified_gmt":"2026-02-27T15:56:20","slug":"kk-pilkit-2026-2","status":"publish","type":"page","link":"https:\/\/giellajohka.com\/en\/tapahtumat\/kk-pilkit-2026-2\/","title":{"rendered":"KK-Pilkit 2026"},"content":{"rendered":"<figure class=\"wp-block-image size-large\"><img fetchpriority=\"high\" decoding=\"async\" width=\"1024\" height=\"768\" src=\"https:\/\/giellajohka.com\/wp-content\/uploads\/2026\/02\/KK-pilkit1-1-1024x768.jpg\" alt=\"\" class=\"wp-image-6543\" srcset=\"https:\/\/giellajohka.com\/wp-content\/uploads\/2026\/02\/KK-pilkit1-1-1024x768.jpg 1024w, https:\/\/giellajohka.com\/wp-content\/uploads\/2026\/02\/KK-pilkit1-1-300x225.jpg 300w, https:\/\/giellajohka.com\/wp-content\/uploads\/2026\/02\/KK-pilkit1-1-768x576.jpg 768w, https:\/\/giellajohka.com\/wp-content\/uploads\/2026\/02\/KK-pilkit1-1-1536x1152.jpg 1536w, https:\/\/giellajohka.com\/wp-content\/uploads\/2026\/02\/KK-pilkit1-1-2048x1536.jpg 2048w, https:\/\/giellajohka.com\/wp-content\/uploads\/2026\/02\/KK-pilkit1-1-16x12.jpg 16w\" sizes=\"(max-width: 1024px) 100vw, 1024px\" \/><\/figure>\n\n\n\n<p>KK-Pilkit j\u00e4rjestet\u00e4\u00e4n 3.4.2026.<\/p>\n\n\n\n<p>T\u00e4m\u00e4n sivun on tehnyt Jouni J\u00e4rvelin.<\/p>\n\n\n\n<p><\/p>","protected":false},"excerpt":{"rendered":"<p>KK-Pilkit j\u00e4rjestet\u00e4\u00e4n 3.4.2026. T\u00e4m\u00e4n sivun on tehnyt Jouni J\u00e4rvelin.<\/p>","protected":false},"author":4,"featured_media":0,"parent":5477,"menu_order":0,"comment_status":"closed","ping_status":"closed","template":"","meta":{"site-sidebar-layout":"default","site-content-layout":"","ast-site-content-layout":"default","site-content-style":"default","site-sidebar-style":"default","ast-global-header-display":"","ast-banner-title-visibility":"","ast-main-header-display":"","ast-hfb-above-header-display":"","ast-hfb-below-header-display":"","ast-hfb-mobile-header-display":"","site-post-title":"","ast-breadcrumbs-content":"","ast-featured-img":"","footer-sml-layout":"","theme-transparent-header-meta":"","adv-header-id-meta":"","stick-header-meta":"","header-above-stick-meta":"","header-main-stick-meta":"","header-below-stick-meta":"","astra-migrate-meta-layouts":"set","ast-page-background-enabled":"default","ast-page-background-meta":{"desktop":{"background-color":"","background-image":"","background-repeat":"repeat","background-position":"center center","background-size":"auto","background-attachment":"scroll","background-type":"","background-media":"","overlay-type":"","overlay-color":"","overlay-opacity":"","overlay-gradient":""},"tablet":{"background-color":"","background-image":"","background-repeat":"repeat","background-position":"center center","background-size":"auto","background-attachment":"scroll","background-type":"","background-media":"","overlay-type":"","overlay-color":"","overlay-opacity":"","overlay-gradient":""},"mobile":{"background-color":"","background-image":"","background-repeat":"repeat","background-position":"center center","background-size":"auto","background-attachment":"scroll","background-type":"","background-media":"","overlay-type":"","overlay-color":"","overlay-opacity":"","overlay-gradient":""}},"ast-content-background-meta":{"desktop":{"background-color":"var(--ast-global-color-5)","background-image":"","background-repeat":"repeat","background-position":"center center","background-size":"auto","background-attachment":"scroll","background-type":"","background-media":"","overlay-type":"","overlay-color":"","overlay-opacity":"","overlay-gradient":""},"tablet":{"background-color":"var(--ast-global-color-5)","background-image":"","background-repeat":"repeat","background-position":"center center","background-size":"auto","background-attachment":"scroll","background-type":"","background-media":"","overlay-type":"","overlay-color":"","overlay-opacity":"","overlay-gradient":""},"mobile":{"background-color":"var(--ast-global-color-5)","background-image":"","background-repeat":"repeat","background-position":"center center","background-size":"auto","background-attachment":"scroll","background-type":"","background-media":"","overlay-type":"","overlay-color":"","overlay-opacity":"","overlay-gradient":""}},"footnotes":""},"class_list":["post-6542","page","type-page","status-publish","hentry"],"_links":{"self":[{"href":"https:\/\/giellajohka.com\/en\/wp-json\/wp\/v2\/pages\/6542","targetHints":{"allow":["GET"]}}],"collection":[{"href":"https:\/\/giellajohka.com\/en\/wp-json\/wp\/v2\/pages"}],"about":[{"href":"https:\/\/giellajohka.com\/en\/wp-json\/wp\/v2\/types\/page"}],"author":[{"embeddable":true,"href":"https:\/\/giellajohka.com\/en\/wp-json\/wp\/v2\/users\/4"}],"replies":[{"embeddable":true,"href":"https:\/\/giellajohka.com\/en\/wp-json\/wp\/v2\/comments?post=6542"}],"version-history":[{"count":2,"href":"https:\/\/giellajohka.com\/en\/wp-json\/wp\/v2\/pages\/6542\/revisions"}],"predecessor-version":[{"id":6545,"href":"https:\/\/giellajohka.com\/en\/wp-json\/wp\/v2\/pages\/6542\/revisions\/6545"}],"up":[{"embeddable":true,"href":"https:\/\/giellajohka.com\/en\/wp-json\/wp\/v2\/pages\/5477"}],"wp:attachment":[{"href":"https:\/\/giellajohka.com\/en\/wp-json\/wp\/v2\/media?parent=6542"}],"curies":[{"name":"wp","href":"https:\/\/api.w.org\/{rel}","templated":true}]}}