{"id":6248,"date":"2025-10-07T12:06:48","date_gmt":"2025-10-07T12:06:48","guid":{"rendered":"https:\/\/giellajohka.com\/?page_id=6248"},"modified":"2025-10-07T12:51:18","modified_gmt":"2025-10-07T12:51:18","slug":"open-mic-2025","status":"publish","type":"page","link":"https:\/\/giellajohka.com\/en\/open-mic-2025\/","title":{"rendered":"Open Mic 2025"},"content":{"rendered":"<div data-elementor-type=\"wp-post\" data-elementor-id=\"6248\" class=\"elementor elementor-6248\" data-elementor-post-type=\"page\">\n\t\t\t\t<div class=\"elementor-element elementor-element-ba580c9 e-con-full e-flex e-con e-parent\" data-id=\"ba580c9\" data-element_type=\"container\" data-e-type=\"container\" data-settings=\"{&quot;background_background&quot;:&quot;classic&quot;}\">\n\t\t<div class=\"elementor-element elementor-element-6f78cc3 e-con-full e-flex e-con e-child\" data-id=\"6f78cc3\" data-element_type=\"container\" data-e-type=\"container\">\n\t\t\t\t<div class=\"elementor-element elementor-element-0a48e44 elementor-widget elementor-widget-image\" data-id=\"0a48e44\" data-element_type=\"widget\" data-e-type=\"widget\" data-widget_type=\"image.default\">\n\t\t\t\t<div class=\"elementor-widget-container\">\n\t\t\t\t\t\t\t\t\t\t\t\t\t\t\t<img fetchpriority=\"high\" decoding=\"async\" width=\"1024\" height=\"256\" src=\"https:\/\/giellajohka.com\/wp-content\/uploads\/2024\/09\/Giellajohkatekstilogo-1024x256.png\" class=\"attachment-large size-large wp-image-1438\" alt=\"\" srcset=\"https:\/\/giellajohka.com\/wp-content\/uploads\/2024\/09\/Giellajohkatekstilogo-1024x256.png 1024w, https:\/\/giellajohka.com\/wp-content\/uploads\/2024\/09\/Giellajohkatekstilogo-300x75.png 300w, https:\/\/giellajohka.com\/wp-content\/uploads\/2024\/09\/Giellajohkatekstilogo-768x192.png 768w, https:\/\/giellajohka.com\/wp-content\/uploads\/2024\/09\/Giellajohkatekstilogo-18x5.png 18w, https:\/\/giellajohka.com\/wp-content\/uploads\/2024\/09\/Giellajohkatekstilogo-296x74.png 296w, https:\/\/giellajohka.com\/wp-content\/uploads\/2024\/09\/Giellajohkatekstilogo.png 1500w\" sizes=\"(max-width: 1024px) 100vw, 1024px\" \/>\t\t\t\t\t\t\t\t\t\t\t\t\t\t\t<\/div>\n\t\t\t\t<\/div>\n\t\t\t\t<div class=\"elementor-element elementor-element-d6560fb elementor-widget elementor-widget-heading\" data-id=\"d6560fb\" data-element_type=\"widget\" data-e-type=\"widget\" data-widget_type=\"heading.default\">\n\t\t\t\t<div class=\"elementor-widget-container\">\n\t\t\t\t\t<h1 class=\"elementor-heading-title elementor-size-default\">Open Mic<\/h1>\t\t\t\t<\/div>\n\t\t\t\t<\/div>\n\t\t\t\t<div class=\"elementor-element elementor-element-355e5a8 elementor-icon-list--layout-traditional elementor-list-item-link-full_width elementor-widget elementor-widget-icon-list\" data-id=\"355e5a8\" data-element_type=\"widget\" data-e-type=\"widget\" data-widget_type=\"icon-list.default\">\n\t\t\t\t<div class=\"elementor-widget-container\">\n\t\t\t\t\t\t\t<ul class=\"elementor-icon-list-items\">\n\t\t\t\t\t\t\t<li class=\"elementor-icon-list-item\">\n\t\t\t\t\t\t\t\t\t\t\t<span class=\"elementor-icon-list-icon\">\n\t\t\t\t\t\t\t<i aria-hidden=\"true\" class=\"fas fa-calendar-alt\"><\/i>\t\t\t\t\t\t<\/span>\n\t\t\t\t\t\t\t\t\t\t<span class=\"elementor-icon-list-text\">14.-15.11.2025<\/span>\n\t\t\t\t\t\t\t\t\t<\/li>\n\t\t\t\t\t\t<\/ul>\n\t\t\t\t\t\t<\/div>\n\t\t\t\t<\/div>\n\t\t\t\t<\/div>\n\t\t\t\t<\/div>\n\t\t<div class=\"elementor-element elementor-element-af5de04 e-flex e-con-boxed e-con e-parent\" data-id=\"af5de04\" data-element_type=\"container\" data-e-type=\"container\" data-settings=\"{&quot;background_background&quot;:&quot;classic&quot;}\">\n\t\t\t\t\t<div class=\"e-con-inner\">\n\t\t\t\t<div class=\"elementor-element elementor-element-a291486 elementor-widget elementor-widget-text-editor\" data-id=\"a291486\" data-element_type=\"widget\" data-e-type=\"widget\" data-widget_type=\"text-editor.default\">\n\t\t\t\t<div class=\"elementor-widget-container\">\n\t\t\t\t\t\t\t\t\t<div class=\"xdj266r x14z9mp xat24cr x1lziwak x1vvkbs\">Viime vuonna suuren suosion saavuttanut Giellajohka Open Mic -viikonloppu tulee taas! Tervetuloa mukaan nauttimaan runoudesta, spoken wordista, r\u00e4pist\u00e4 ja tarinankerronasta Suomen pohjoisimmalle open mic -runoklubille yhdess\u00e4 runoilija Harri Hertellin ja Giellajohkan lomakyl\u00e4n kanssa.<br \/><br \/><\/div><div class=\"x14z9mp xat24cr x1lziwak x1vvkbs xtlvy1s\">P\u00e4\u00e4symaksuttomassa tapahtumassa 14.11. Giellajohkan ravintolassa esiintyy suomalaisen r\u00e4pin pioneereihin lukeutuva Asa Masa. Keikka alkaa noin klo 22, kannattaa tulla ajoissa paikalle! Illan p\u00e4\u00e4tteeksi rohkeimmat saavat tilaisuuden koetella kykyj\u00e4\u00e4n karaoken merkeiss\u00e4.<br \/><br \/><\/div><div class=\"x14z9mp xat24cr x1lziwak x1vvkbs xtlvy1s\">Lauantaina 15.11.2024 klo 19.00 runolavalla n\u00e4hd\u00e4\u00e4n open mic -sessiot, joissa kullakin illan runoilijalla on noin viisi minuuttia aikaa esitt\u00e4\u00e4 yksi tai useampi itse kirjoittamansa runo, laulu, spoken word -teksti tai vaikkapa r\u00e4ppibiisi. Kaikki ik\u00e4\u00e4n, kieleen tai julkaisutaustaan katsomatta ovat tervetulleita mukaan mikin varteen! Open Mic -illan kutsuvieraana n\u00e4hd\u00e4\u00e4n Utsjoen Tenojokilaaksosta kotoisin oleva teologi ja runoilija Helga West, joka muutti kes\u00e4ll\u00e4 2024 takaisin synnyinsijoilleen Saamenmaalle.<br \/><br \/><\/div><div class=\"x14z9mp xat24cr x1lziwak x1vvkbs xtlvy1s\">Ennakkoilmoittautumiset open mic -osuuteen: harri.hertell@gmail.com Kerrothan ilmoittautumisviestiss\u00e4si my\u00f6s esiintymisnimesi. Tilaisuuden juontaa Harri Hertell ja tapahtumaa tukee taloudellisesti WSOY:n kirjallisuuss\u00e4\u00e4ti\u00f6.<\/div><div class=\"x14z9mp xat24cr x1lziwak x1vvkbs xtlvy1s\">L\u00e4mpim\u00e4sti tervetuloa runouden \u00e4\u00e4relle!<br \/><br \/><\/div><div class=\"x14z9mp xat24cr x1lziwak x1vvkbs xtlvy1s\"><span class=\"html-span xexx8yu xyri2b x18d9i69 x1c1uobl x1hl2dhg x16tdsg8 x1vvkbs x3nfvp2 x1j61x8r x1fcty0u xdj266r xat24cr xm2jcoa x1mpyi22 xxymvpz xlup9mm x1kky2od\"><img decoding=\"async\" class=\"xz74otr x15mokao x1ga7v0g x16uus16 xbiv7yw\" src=\"https:\/\/static.xx.fbcdn.net\/images\/emoji.php\/v9\/t95\/2\/16\/1f3e0.png\" alt=\"\ud83c\udfe0\" width=\"16\" height=\"16\" \/><\/span>\u00a0Mik\u00e4 Giellajohka?<\/div><div class=\"x14z9mp xat24cr x1lziwak x1vvkbs xtlvy1s\">Giellajohka on pieni retkeilij\u00f6iden ja matkailijoiden keidas Muotkatunturin ja Paistunturin er\u00e4maa-alueiden v\u00e4liss\u00e4 (Karigasniementie 2920, 99910 Inari). Open mic -klubi j\u00e4rjestet\u00e4\u00e4n Giellajohkan intiimiss\u00e4 tuvassa, jossa runouden lis\u00e4ksi on tarjolla l\u00e4mmint\u00e4 ruokaa, kylm\u00e4\u00e4 juomaa sek\u00e4 yst\u00e4v\u00e4llist\u00e4 palvelua. My\u00f6s open mic -illan p\u00e4\u00e4tteeksi luvassa on karaokea sek\u00e4 lyyrisi\u00e4 keskusteluja runouden yst\u00e4vien kesken.<br \/><br \/><\/div><div class=\"x14z9mp xat24cr x1lziwak x1vvkbs xtlvy1s\"><span class=\"html-span xexx8yu xyri2b x18d9i69 x1c1uobl x1hl2dhg x16tdsg8 x1vvkbs x3nfvp2 x1j61x8r x1fcty0u xdj266r xat24cr xm2jcoa x1mpyi22 xxymvpz xlup9mm x1kky2od\"><img decoding=\"async\" class=\"xz74otr x15mokao x1ga7v0g x16uus16 xbiv7yw\" src=\"https:\/\/static.xx.fbcdn.net\/images\/emoji.php\/v9\/t8b\/2\/16\/1f697.png\" alt=\"\ud83d\ude97\" width=\"16\" height=\"16\" \/><\/span>\u00a0Kuinka paikalle?<\/div><div class=\"x14z9mp xat24cr x1lziwak x1vvkbs xtlvy1s\">Giellajohkalle voi saapua omalla autolla (tiet ovat hyv\u00e4ss\u00e4 kunnossa my\u00f6s talvella), mutta my\u00f6s Eskelisen Lapin linjat kuljettaa runokansaa kerran p\u00e4iv\u00e4ss\u00e4 bussilla suoraan Giellajohkan eteen (pys\u00e4kki Kielajoki). Paikan p\u00e4\u00e4lle on siis helppo saapua, olet sitten tulossa Rovaniemelt\u00e4, Sodankyl\u00e4st\u00e4 tai vaikkapa Inarista. Giellajohkalta voi lis\u00e4ksi tiedustella yksityiskyytej\u00e4 Ivalon lentokent\u00e4lt\u00e4.<br \/><br \/><\/div><div class=\"x14z9mp xat24cr x1lziwak x1vvkbs xtlvy1s\"><span class=\"html-span xexx8yu xyri2b x18d9i69 x1c1uobl x1hl2dhg x16tdsg8 x1vvkbs x3nfvp2 x1j61x8r x1fcty0u xdj266r xat24cr xm2jcoa x1mpyi22 xxymvpz xlup9mm x1kky2od\"><img loading=\"lazy\" decoding=\"async\" class=\"xz74otr x15mokao x1ga7v0g x16uus16 xbiv7yw\" src=\"https:\/\/static.xx.fbcdn.net\/images\/emoji.php\/v9\/t50\/2\/16\/1f6cf.png\" alt=\"\ud83d\udecf\ufe0f\" width=\"16\" height=\"16\" \/><\/span>\u00a0Kuinka majoittua?<\/div><div class=\"x14z9mp xat24cr x1lziwak x1vvkbs xtlvy1s\">HUOMIO: Giellajohkan majoitukset on myyty loppuun, mutta Tunturikyl\u00e4 Muotkan Ruoktusta l\u00f6ytyy majoitusta muutaman kilometrin p\u00e4\u00e4st\u00e4:\u00a0<a class=\"x1i10hfl xjbqb8w x1ejq31n x18oe1m7 x1sy0etr xstzfhl x972fbf x10w94by x1qhh985 x14e42zd x9f619 x1ypdohk xt0psk2 x3ct3a4 xdj266r x14z9mp xat24cr x1lziwak xexx8yu xyri2b x18d9i69 x1c1uobl x16tdsg8 x1hl2dhg xggy1nq x1a2a7pz xkrqix3 x1sur9pj x1fey0fg x1s688f\" tabindex=\"0\" role=\"link\" href=\"https:\/\/www.muotkanruoktu.fi\/fi\/?fbclid=IwZXh0bgNhZW0CMTAAYnJpZBEwUlNqeDZIeFBOS21mQXBzSQEe4E-zVWXYiUROqDCj2zkBeR5JohzZ6eQHG4S5duDWl8LghzI4NFeRPmnxzME_aem_HJk7GlnwD-XbDcTw5_ODIw\" target=\"_blank\" rel=\"nofollow noopener noreferrer\">https:\/\/www.muotkanruoktu.fi\/fi\/<\/a><\/div><div class=\"x14z9mp xat24cr x1lziwak x1vvkbs xtlvy1s\">Mik\u00e4li majoitut Muotkan Ruoktussa eik\u00e4 sinulla ole autoa tai ajokuntoa, ota yhteytt\u00e4 Giellajohkaan info@giellajohka.fi tai 0407386825 ja autamme sinua j\u00e4rjest\u00e4m\u00e4\u00e4n kyydit!<\/div><div class=\"x14z9mp xat24cr x1lziwak x1vvkbs xtlvy1s\">\u00a0<\/div><div class=\"x14z9mp xat24cr x1lziwak x1vvkbs xtlvy1s\"><span class=\"html-span xexx8yu xyri2b x18d9i69 x1c1uobl x1hl2dhg x16tdsg8 x1vvkbs x3nfvp2 x1j61x8r x1fcty0u xdj266r xat24cr xm2jcoa x1mpyi22 xxymvpz xlup9mm x1kky2od\"><img loading=\"lazy\" decoding=\"async\" class=\"xz74otr x15mokao x1ga7v0g x16uus16 xbiv7yw\" src=\"https:\/\/static.xx.fbcdn.net\/images\/emoji.php\/v9\/t1f\/2\/16\/27a1.png\" alt=\"\u27a1\ufe0f\" width=\"16\" height=\"16\" \/><\/span>\u00a0Lis\u00e4tiedot open mic -illasta: harri.hertell@gmail.com<\/div>\t\t\t\t\t\t\t\t<\/div>\n\t\t\t\t<\/div>\n\t\t\t\t<div class=\"elementor-element elementor-element-2276218 elementor-pagination-type-bullets elementor-arrows-position-inside elementor-pagination-position-outside elementor-widget elementor-widget-loop-carousel\" data-id=\"2276218\" data-element_type=\"widget\" data-e-type=\"widget\" data-settings=\"{&quot;template_id&quot;:6266,&quot;_skin&quot;:&quot;post&quot;,&quot;slides_to_show&quot;:&quot;3&quot;,&quot;slides_to_show_tablet&quot;:&quot;2&quot;,&quot;slides_to_show_mobile&quot;:&quot;1&quot;,&quot;slides_to_scroll&quot;:&quot;1&quot;,&quot;edit_handle_selector&quot;:&quot;.elementor-loop-container&quot;,&quot;autoplay&quot;:&quot;yes&quot;,&quot;autoplay_speed&quot;:5000,&quot;pause_on_hover&quot;:&quot;yes&quot;,&quot;pause_on_interaction&quot;:&quot;yes&quot;,&quot;infinite&quot;:&quot;yes&quot;,&quot;speed&quot;:500,&quot;offset_sides&quot;:&quot;none&quot;,&quot;arrows&quot;:&quot;yes&quot;,&quot;pagination&quot;:&quot;bullets&quot;,&quot;image_spacing_custom&quot;:{&quot;unit&quot;:&quot;px&quot;,&quot;size&quot;:10,&quot;sizes&quot;:[]},&quot;image_spacing_custom_tablet&quot;:{&quot;unit&quot;:&quot;px&quot;,&quot;size&quot;:&quot;&quot;,&quot;sizes&quot;:[]},&quot;image_spacing_custom_mobile&quot;:{&quot;unit&quot;:&quot;px&quot;,&quot;size&quot;:&quot;&quot;,&quot;sizes&quot;:[]}}\" data-widget_type=\"loop-carousel.post\">\n\t\t\t\t<div class=\"elementor-widget-container\">\n\t\t\t\t\t\t\t<div class=\"e-loop-nothing-found-message\">\n\t\t<\/div>\n\t\t\t\t\t\t<\/div>\n\t\t\t\t<\/div>\n\t\t\t\t\t<\/div>\n\t\t\t\t<\/div>\n\t\t<div class=\"elementor-element elementor-element-823823c e-flex e-con-boxed e-con e-parent\" data-id=\"823823c\" data-element_type=\"container\" data-e-type=\"container\">\n\t\t\t\t\t<div class=\"e-con-inner\">\n\t\t\t\t<div class=\"elementor-element elementor-element-da8181b elementor-widget elementor-widget-ucaddon_uc_tiles_columns_image\" data-id=\"da8181b\" data-element_type=\"widget\" data-e-type=\"widget\" data-widget_type=\"ucaddon_uc_tiles_columns_image.default\">\n\t\t\t\t<div class=\"elementor-widget-container\">\n\t\t\t\t\t\n<!-- start Masonry Gallery -->\n\t\t<link id='unitegallery-css' href='https:\/\/giellajohka.com\/wp-content\/plugins\/unlimited-elements-for-elementor-premium\/assets_libraries\/unitegallery\/css\/unite-gallery.css' type='text\/css' rel='stylesheet' >\n\t\t<link id='uc_ac_assets_file_uc_columns_unite_gallery_css_37416-css' href='https:\/\/giellajohka.com\/wp-content\/uploads\/ac_assets\/uc_tiles_columns_image\/uc-columns-unite-gallery.css' type='text\/css' rel='stylesheet' >\n\n<style>\/* widget: Masonry Gallery *\/\n\n#uc_uc_tiles_columns_image_elementor_da8181b .ug-thumb-wrapper.ug-tile{\n  \tpointer-events: none;\n}\n\n#wrapperuc_uc_tiles_columns_image_elementor_da8181b\n{\n  min-height:1px;\n}\n\n<\/style>\n\n<div id=\"wrapperuc_uc_tiles_columns_image_elementor_da8181b\">\n<div id=\"uc_uc_tiles_columns_image_elementor_da8181b\" style=\"display:none;\" class=\"uc-items-wrapper\" data-custom-sethtml=\"true\" >\n\n\n<img decoding=\"async\" alt=\"8T2A0319-2\"\n   src=\"https:\/\/giellajohka.com\/wp-content\/uploads\/2025\/10\/8T2A0319-2-scaled.jpg\"\n    data-image=\"https:\/\/giellajohka.com\/wp-content\/uploads\/2025\/10\/8T2A0319-2-scaled.jpg\"\n    data-title=\"8T2A0319-2\">\n\n<img decoding=\"async\" alt=\"8T2A0326\"\n   src=\"https:\/\/giellajohka.com\/wp-content\/uploads\/2025\/10\/8T2A0326-scaled.jpg\"\n    data-image=\"https:\/\/giellajohka.com\/wp-content\/uploads\/2025\/10\/8T2A0326-scaled.jpg\"\n    data-title=\"8T2A0326\">\n\n<img decoding=\"async\" alt=\"8T2A0340\"\n   src=\"https:\/\/giellajohka.com\/wp-content\/uploads\/2025\/10\/8T2A0340-scaled.jpg\"\n    data-image=\"https:\/\/giellajohka.com\/wp-content\/uploads\/2025\/10\/8T2A0340-scaled.jpg\"\n    data-title=\"8T2A0340\">\n\n<img decoding=\"async\" alt=\"8T2A0346\"\n   src=\"https:\/\/giellajohka.com\/wp-content\/uploads\/2025\/10\/8T2A0346-scaled.jpg\"\n    data-image=\"https:\/\/giellajohka.com\/wp-content\/uploads\/2025\/10\/8T2A0346-scaled.jpg\"\n    data-title=\"8T2A0346\">\n\n<img decoding=\"async\" alt=\"8T2A0365\"\n   src=\"https:\/\/giellajohka.com\/wp-content\/uploads\/2025\/10\/8T2A0365-scaled-e1759841415541.jpg\"\n    data-image=\"https:\/\/giellajohka.com\/wp-content\/uploads\/2025\/10\/8T2A0365-scaled-e1759841415541.jpg\"\n    data-title=\"8T2A0365\">\n\n<img decoding=\"async\" alt=\"8T2A0370\"\n   src=\"https:\/\/giellajohka.com\/wp-content\/uploads\/2025\/10\/8T2A0370-scaled.jpg\"\n    data-image=\"https:\/\/giellajohka.com\/wp-content\/uploads\/2025\/10\/8T2A0370-scaled.jpg\"\n    data-title=\"8T2A0370\">\n\n<img decoding=\"async\" alt=\"8T2A0408\"\n   src=\"https:\/\/giellajohka.com\/wp-content\/uploads\/2025\/10\/8T2A0408-scaled.jpg\"\n    data-image=\"https:\/\/giellajohka.com\/wp-content\/uploads\/2025\/10\/8T2A0408-scaled.jpg\"\n    data-title=\"8T2A0408\">\n\n<img decoding=\"async\" alt=\"8T2A0392\"\n   src=\"https:\/\/giellajohka.com\/wp-content\/uploads\/2025\/10\/8T2A0392-scaled.jpg\"\n    data-image=\"https:\/\/giellajohka.com\/wp-content\/uploads\/2025\/10\/8T2A0392-scaled.jpg\"\n    data-title=\"8T2A0392\">\n\n  \n<\/div>\n<\/div>\n<!-- end Masonry Gallery -->\t\t\t\t<\/div>\n\t\t\t\t<\/div>\n\t\t\t\t\t<\/div>\n\t\t\t\t<\/div>\n\t\t<div class=\"elementor-element elementor-element-4855ed6 e-flex e-con-boxed e-con e-parent\" data-id=\"4855ed6\" data-element_type=\"container\" data-e-type=\"container\" id=\"yhteys\" data-settings=\"{&quot;background_background&quot;:&quot;classic&quot;}\">\n\t\t\t\t\t<div class=\"e-con-inner\">\n\t\t<div class=\"elementor-element elementor-element-4edeee3 e-con-full e-flex e-con e-child\" data-id=\"4edeee3\" data-element_type=\"container\" data-e-type=\"container\">\n\t\t\t\t<div class=\"elementor-element elementor-element-55f50aa elementor-widget elementor-widget-heading\" data-id=\"55f50aa\" data-element_type=\"widget\" data-e-type=\"widget\" data-widget_type=\"heading.default\">\n\t\t\t\t<div class=\"elementor-widget-container\">\n\t\t\t\t\t<h2 class=\"elementor-heading-title elementor-size-default\">Questions?<\/h2>\t\t\t\t<\/div>\n\t\t\t\t<\/div>\n\t\t\t\t<div class=\"elementor-element elementor-element-e4f13ee elementor-widget elementor-widget-heading\" data-id=\"e4f13ee\" data-element_type=\"widget\" data-e-type=\"widget\" data-widget_type=\"heading.default\">\n\t\t\t\t<div class=\"elementor-widget-container\">\n\t\t\t\t\t<h2 class=\"elementor-heading-title elementor-size-default\">Contact Us<\/h2>\t\t\t\t<\/div>\n\t\t\t\t<\/div>\n\t\t\t\t<div class=\"elementor-element elementor-element-0578fc6 elementor-icon-list--layout-traditional elementor-list-item-link-full_width elementor-widget elementor-widget-icon-list\" data-id=\"0578fc6\" data-element_type=\"widget\" data-e-type=\"widget\" data-widget_type=\"icon-list.default\">\n\t\t\t\t<div class=\"elementor-widget-container\">\n\t\t\t\t\t\t\t<ul class=\"elementor-icon-list-items\">\n\t\t\t\t\t\t\t<li class=\"elementor-icon-list-item\">\n\t\t\t\t\t\t\t\t\t\t\t<span class=\"elementor-icon-list-icon\">\n\t\t\t\t\t\t\t<i aria-hidden=\"true\" class=\"fas fa-phone\"><\/i>\t\t\t\t\t\t<\/span>\n\t\t\t\t\t\t\t\t\t\t<span class=\"elementor-icon-list-text\">+358 40 7386825<\/span>\n\t\t\t\t\t\t\t\t\t<\/li>\n\t\t\t\t\t\t\t\t<li class=\"elementor-icon-list-item\">\n\t\t\t\t\t\t\t\t\t\t\t<span class=\"elementor-icon-list-icon\">\n\t\t\t\t\t\t\t<i aria-hidden=\"true\" class=\"fas fa-mail-bulk\"><\/i>\t\t\t\t\t\t<\/span>\n\t\t\t\t\t\t\t\t\t\t<span class=\"elementor-icon-list-text\">info@giellajohka.com<\/span>\n\t\t\t\t\t\t\t\t\t<\/li>\n\t\t\t\t\t\t<\/ul>\n\t\t\t\t\t\t<\/div>\n\t\t\t\t<\/div>\n\t\t\t\t<\/div>\n\t\t<div class=\"elementor-element elementor-element-158f1d4 e-con-full e-flex e-con e-child\" data-id=\"158f1d4\" data-element_type=\"container\" data-e-type=\"container\">\n\t\t\t\t<div class=\"elementor-element elementor-element-aa52af7 elementor-widget elementor-widget-google_maps\" data-id=\"aa52af7\" data-element_type=\"widget\" data-e-type=\"widget\" data-widget_type=\"google_maps.default\">\n\t\t\t\t<div class=\"elementor-widget-container\">\n\t\t\t\t\t\t\t<div class=\"elementor-custom-embed\">\n\t\t\t<iframe loading=\"lazy\"\n\t\t\t\t\tsrc=\"https:\/\/maps.google.com\/maps?q=Giellajohka&#038;t=m&#038;z=10&#038;output=embed&#038;iwloc=near\"\n\t\t\t\t\ttitle=\"Giellajohka\"\n\t\t\t\t\taria-label=\"Giellajohka\"\n\t\t\t><\/iframe>\n\t\t<\/div>\n\t\t\t\t\t\t<\/div>\n\t\t\t\t<\/div>\n\t\t\t\t<\/div>\n\t\t\t\t\t<\/div>\n\t\t\t\t<\/div>\n\t\t\t\t<\/div>","protected":false},"excerpt":{"rendered":"<p>Open Mic 14.-15.11.2025 Viime vuonna suuren suosion saavuttanut Giellajohka Open Mic -viikonloppu tulee taas! Tervetuloa mukaan nauttimaan runoudesta, spoken wordista, r\u00e4pist\u00e4 ja tarinankerronasta Suomen pohjoisimmalle open mic -runoklubille yhdess\u00e4 runoilija Harri Hertellin ja Giellajohkan lomakyl\u00e4n kanssa. P\u00e4\u00e4symaksuttomassa tapahtumassa 14.11. Giellajohkan ravintolassa esiintyy suomalaisen r\u00e4pin pioneereihin lukeutuva Asa Masa. Keikka alkaa noin klo 22, kannattaa tulla [&hellip;]<\/p>\n","protected":false},"author":4,"featured_media":0,"parent":0,"menu_order":0,"comment_status":"closed","ping_status":"closed","template":"","meta":{"site-sidebar-layout":"no-sidebar","site-content-layout":"page-builder","ast-site-content-layout":"full-width-container","site-content-style":"unboxed","site-sidebar-style":"unboxed","ast-global-header-display":"","ast-banner-title-visibility":"","ast-main-header-display":"","ast-hfb-above-header-display":"","ast-hfb-below-header-display":"","ast-hfb-mobile-header-display":"","site-post-title":"disabled","ast-breadcrumbs-content":"","ast-featured-img":"disabled","footer-sml-layout":"","theme-transparent-header-meta":"enabled","adv-header-id-meta":"","stick-header-meta":"","header-above-stick-meta":"","header-main-stick-meta":"","header-below-stick-meta":"","astra-migrate-meta-layouts":"set","ast-page-background-enabled":"default","ast-page-background-meta":{"desktop":{"background-color":"","background-image":"","background-repeat":"repeat","background-position":"center center","background-size":"auto","background-attachment":"scroll","background-type":"","background-media":"","overlay-type":"","overlay-color":"","overlay-opacity":"","overlay-gradient":""},"tablet":{"background-color":"","background-image":"","background-repeat":"repeat","background-position":"center center","background-size":"auto","background-attachment":"scroll","background-type":"","background-media":"","overlay-type":"","overlay-color":"","overlay-opacity":"","overlay-gradient":""},"mobile":{"background-color":"","background-image":"","background-repeat":"repeat","background-position":"center center","background-size":"auto","background-attachment":"scroll","background-type":"","background-media":"","overlay-type":"","overlay-color":"","overlay-opacity":"","overlay-gradient":""}},"ast-content-background-meta":{"desktop":{"background-color":"var(--ast-global-color-5)","background-image":"","background-repeat":"repeat","background-position":"center center","background-size":"auto","background-attachment":"scroll","background-type":"","background-media":"","overlay-type":"","overlay-color":"","overlay-opacity":"","overlay-gradient":""},"tablet":{"background-color":"var(--ast-global-color-5)","background-image":"","background-repeat":"repeat","background-position":"center center","background-size":"auto","background-attachment":"scroll","background-type":"","background-media":"","overlay-type":"","overlay-color":"","overlay-opacity":"","overlay-gradient":""},"mobile":{"background-color":"var(--ast-global-color-5)","background-image":"","background-repeat":"repeat","background-position":"center center","background-size":"auto","background-attachment":"scroll","background-type":"","background-media":"","overlay-type":"","overlay-color":"","overlay-opacity":"","overlay-gradient":""}},"footnotes":""},"class_list":["post-6248","page","type-page","status-publish","hentry"],"_links":{"self":[{"href":"https:\/\/giellajohka.com\/en\/wp-json\/wp\/v2\/pages\/6248","targetHints":{"allow":["GET"]}}],"collection":[{"href":"https:\/\/giellajohka.com\/en\/wp-json\/wp\/v2\/pages"}],"about":[{"href":"https:\/\/giellajohka.com\/en\/wp-json\/wp\/v2\/types\/page"}],"author":[{"embeddable":true,"href":"https:\/\/giellajohka.com\/en\/wp-json\/wp\/v2\/users\/4"}],"replies":[{"embeddable":true,"href":"https:\/\/giellajohka.com\/en\/wp-json\/wp\/v2\/comments?post=6248"}],"version-history":[{"count":12,"href":"https:\/\/giellajohka.com\/en\/wp-json\/wp\/v2\/pages\/6248\/revisions"}],"predecessor-version":[{"id":6275,"href":"https:\/\/giellajohka.com\/en\/wp-json\/wp\/v2\/pages\/6248\/revisions\/6275"}],"wp:attachment":[{"href":"https:\/\/giellajohka.com\/en\/wp-json\/wp\/v2\/media?parent=6248"}],"curies":[{"name":"wp","href":"https:\/\/api.w.org\/{rel}","templated":true}]}}