{"id":3774,"date":"2025-04-02T09:00:58","date_gmt":"2025-04-02T09:00:58","guid":{"rendered":"https:\/\/giellajohka.com\/?page_id=3774"},"modified":"2025-04-29T12:37:08","modified_gmt":"2025-04-29T12:37:08","slug":"historia","status":"publish","type":"page","link":"https:\/\/giellajohka.com\/en\/historia\/","title":{"rendered":"History"},"content":{"rendered":"\t\t<div data-elementor-type=\"wp-page\" data-elementor-id=\"3774\" class=\"elementor elementor-3774\" data-elementor-post-type=\"page\">\n\t\t\t\t<div class=\"elementor-element elementor-element-f99a194 e-con-full e-flex e-con e-parent\" data-id=\"f99a194\" data-element_type=\"container\" data-e-type=\"container\" data-settings=\"{&quot;background_background&quot;:&quot;classic&quot;}\">\n\t\t<div class=\"elementor-element elementor-element-9196d44 e-con-full e-flex e-con e-child\" data-id=\"9196d44\" data-element_type=\"container\" data-e-type=\"container\">\n\t\t\t\t<div class=\"elementor-element elementor-element-8d56fbc elementor-widget elementor-widget-image\" data-id=\"8d56fbc\" data-element_type=\"widget\" data-e-type=\"widget\" data-widget_type=\"image.default\">\n\t\t\t\t<div class=\"elementor-widget-container\">\n\t\t\t\t\t\t\t\t\t\t\t\t\t\t\t<img fetchpriority=\"high\" decoding=\"async\" width=\"1024\" height=\"256\" src=\"https:\/\/giellajohka.com\/wp-content\/uploads\/2024\/09\/Giellajohkatekstilogo-1024x256.png\" class=\"attachment-large size-large wp-image-1438\" alt=\"\" srcset=\"https:\/\/giellajohka.com\/wp-content\/uploads\/2024\/09\/Giellajohkatekstilogo-1024x256.png 1024w, https:\/\/giellajohka.com\/wp-content\/uploads\/2024\/09\/Giellajohkatekstilogo-300x75.png 300w, https:\/\/giellajohka.com\/wp-content\/uploads\/2024\/09\/Giellajohkatekstilogo-768x192.png 768w, https:\/\/giellajohka.com\/wp-content\/uploads\/2024\/09\/Giellajohkatekstilogo-18x5.png 18w, https:\/\/giellajohka.com\/wp-content\/uploads\/2024\/09\/Giellajohkatekstilogo-296x74.png 296w, https:\/\/giellajohka.com\/wp-content\/uploads\/2024\/09\/Giellajohkatekstilogo.png 1500w\" sizes=\"(max-width: 1024px) 100vw, 1024px\" \/>\t\t\t\t\t\t\t\t\t\t\t\t\t\t\t<\/div>\n\t\t\t\t<\/div>\n\t\t\t\t<div class=\"elementor-element elementor-element-4ad294a elementor-widget elementor-widget-heading\" data-id=\"4ad294a\" data-element_type=\"widget\" data-e-type=\"widget\" data-widget_type=\"heading.default\">\n\t\t\t\t<div class=\"elementor-widget-container\">\n\t\t\t\t\t<h1 class=\"elementor-heading-title elementor-size-default\">Historia<\/h1>\t\t\t\t<\/div>\n\t\t\t\t<\/div>\n\t\t\t\t<div class=\"elementor-element elementor-element-81b2a7c elementor-widget__width-initial elementor-widget elementor-widget-text-editor\" data-id=\"81b2a7c\" data-element_type=\"widget\" data-e-type=\"widget\" data-widget_type=\"text-editor.default\">\n\t\t\t\t<div class=\"elementor-widget-container\">\n\t\t\t\t\t\t\t\t\t<p>Lue lis\u00e4\u00e4 Giellajohkan pitk\u00e4st\u00e4 ja kiehtovasta historiasta!<\/p>\t\t\t\t\t\t\t\t<\/div>\n\t\t\t\t<\/div>\n\t\t\t\t<div class=\"elementor-element elementor-element-b750446 elementor-widget elementor-widget-button\" data-id=\"b750446\" data-element_type=\"widget\" data-e-type=\"widget\" data-widget_type=\"button.default\">\n\t\t\t\t<div class=\"elementor-widget-container\">\n\t\t\t\t\t\t\t\t\t<div class=\"elementor-button-wrapper\">\n\t\t\t\t\t<a class=\"elementor-button elementor-button-link elementor-size-sm\" href=\"https:\/\/giellajohka.com\/historia\/#60\">\n\t\t\t\t\t\t<span class=\"elementor-button-content-wrapper\">\n\t\t\t\t\t\t\t\t\t<span class=\"elementor-button-text\">Lue lis\u00e4\u00e4<\/span>\n\t\t\t\t\t<\/span>\n\t\t\t\t\t<\/a>\n\t\t\t\t<\/div>\n\t\t\t\t\t\t\t\t<\/div>\n\t\t\t\t<\/div>\n\t\t\t\t<\/div>\n\t\t\t\t<\/div>\n\t\t<div class=\"elementor-element elementor-element-5b3334b e-flex e-con-boxed e-con e-parent\" data-id=\"5b3334b\" data-element_type=\"container\" data-e-type=\"container\" id=\"60\" data-settings=\"{&quot;background_background&quot;:&quot;classic&quot;}\">\n\t\t\t\t\t<div class=\"e-con-inner\">\n\t\t\t\t<div class=\"elementor-element elementor-element-f4fd2e0 elementor-widget elementor-widget-heading\" data-id=\"f4fd2e0\" data-element_type=\"widget\" data-e-type=\"widget\" data-widget_type=\"heading.default\">\n\t\t\t\t<div class=\"elementor-widget-container\">\n\t\t\t\t\t<h2 class=\"elementor-heading-title elementor-size-default\">Yli 60 vuotta majoitusta<\/h2>\t\t\t\t<\/div>\n\t\t\t\t<\/div>\n\t\t\t\t<div class=\"elementor-element elementor-element-8cd7ca4 elementor-widget elementor-widget-text-editor\" data-id=\"8cd7ca4\" data-element_type=\"widget\" data-e-type=\"widget\" data-widget_type=\"text-editor.default\">\n\t\t\t\t<div class=\"elementor-widget-container\">\n\t\t\t\t\t\t\t\t\t<p class=\"\" data-start=\"251\" data-end=\"613\">Giellajohkan kiinteist\u00f6 on yksi alueemme vanhimmista majoituskohteista. Sen tarina alkoi jo 1960-luvulla, jolloin ensimm\u00e4iset omistajat avasivat t\u00e4\u00e4ll\u00e4 pienen kahvilan palvelemaan l\u00e4hialueen tielaitoksen ty\u00f6ntekij\u00f6it\u00e4. Vuosikymmenten kuluessa kahvila kasvoi viihtyis\u00e4ksi lomakohteeksi ja aidoksi Lapin keitaaksi, joka houkuttelee vierailijoita l\u00e4helt\u00e4 ja kaukaa.<\/p><p class=\"\" data-start=\"615\" data-end=\"853\">Toisen maailmansodan aikana Giellajohkan alueella sijaitsi saksalaisten sotilaiden sotilasleiri. Ymp\u00e4r\u00f6iviss\u00e4 metsiss\u00e4 voi viel\u00e4kin n\u00e4hd\u00e4 sota-ajan j\u00e4lki\u00e4 ja esineit\u00e4 \u2013 muistuttaen sek\u00e4 historian kiinnostavuudesta ett\u00e4 sen traagisuudesta.<\/p><p class=\"\" data-start=\"855\" data-end=\"1162\">Nykyisin Giellajohkaa yll\u00e4pit\u00e4\u00e4 pieni perheyritys, jonka muodostavat Anita ja h\u00e4nen lapsensa Jouni ja Anni. Olemme toimineet Giellajohkassa vuodesta 2016 asti. Tavoitteenamme on kehitt\u00e4\u00e4 Giellajohkaa parhaaksi mahdolliseksi lev\u00e4hdyspaikaksi keskell\u00e4 upeaa Lapin er\u00e4maata \u2013 jokaiselle ohikulkevalle sielulle.<\/p>\t\t\t\t\t\t\t\t<\/div>\n\t\t\t\t<\/div>\n\t\t\t\t<div class=\"elementor-element elementor-element-2c953ea elementor-widget elementor-widget-button\" data-id=\"2c953ea\" data-element_type=\"widget\" data-e-type=\"widget\" data-widget_type=\"button.default\">\n\t\t\t\t<div class=\"elementor-widget-container\">\n\t\t\t\t\t\t\t\t\t<div class=\"elementor-button-wrapper\">\n\t\t\t\t\t<a class=\"elementor-button elementor-button-link elementor-size-sm\" href=\"https:\/\/giellajohka.com\/majoitus\/\">\n\t\t\t\t\t\t<span class=\"elementor-button-content-wrapper\">\n\t\t\t\t\t\t\t\t\t<span class=\"elementor-button-text\">Tutustu kohteisiin<\/span>\n\t\t\t\t\t<\/span>\n\t\t\t\t\t<\/a>\n\t\t\t\t<\/div>\n\t\t\t\t\t\t\t\t<\/div>\n\t\t\t\t<\/div>\n\t\t\t\t\t<\/div>\n\t\t\t\t<\/div>\n\t\t<div class=\"elementor-element elementor-element-1fdf5af e-flex e-con-boxed e-con e-parent\" data-id=\"1fdf5af\" data-element_type=\"container\" data-e-type=\"container\" data-settings=\"{&quot;background_background&quot;:&quot;classic&quot;}\">\n\t\t\t\t\t<div class=\"e-con-inner\">\n\t\t\t\t<div class=\"elementor-element elementor-element-b53ab7b elementor-widget elementor-widget-heading\" data-id=\"b53ab7b\" data-element_type=\"widget\" data-e-type=\"widget\" data-widget_type=\"heading.default\">\n\t\t\t\t<div class=\"elementor-widget-container\">\n\t\t\t\t\t<h2 class=\"elementor-heading-title elementor-size-default\">Alueen historiaa<\/h2>\t\t\t\t<\/div>\n\t\t\t\t<\/div>\n\t\t\t\t<div class=\"elementor-element elementor-element-c92c78c elementor-widget elementor-widget-text-editor\" data-id=\"c92c78c\" data-element_type=\"widget\" data-e-type=\"widget\" data-widget_type=\"text-editor.default\">\n\t\t\t\t<div class=\"elementor-widget-container\">\n\t\t\t\t\t\t\t\t\t<p class=\"\" data-start=\"136\" data-end=\"604\">Giellajohkan alueella on pitk\u00e4 ja kiehtova historia. Ensimm\u00e4iset merkit ihmisen asutuksesta l\u00f6ytyv\u00e4t Kielajoen yl\u00e4juoksulta, vain noin kilometrin p\u00e4\u00e4st\u00e4 nykyisest\u00e4 lomakyl\u00e4st\u00e4. Alueelta on l\u00f6ydetty kivikautisia ty\u00f6kaluja ja tulisijojen j\u00e4\u00e4nteit\u00e4. Jo noin 500 vuotta ennen ajanlaskun alkua kulkijat huomasivat Kielajoen olevan ihanteellinen paikka lepoon ja asumiseen kalaisan joen \u00e4\u00e4rell\u00e4. Alueesta tuli my\u00f6s t\u00e4rke\u00e4 asuinpaikka useille saamelaisille vuosisatojen ajan.<\/p><p class=\"\" data-start=\"606\" data-end=\"917\">Toisen maailmansodan aikana saksalaiset sotilaat rakensivat tien Kaamasesta Norjaan asti. T\u00e4m\u00e4n tien rakentamiseen k\u00e4ytettiin sotavankien ja pakkosiirretyn v\u00e4est\u00f6n ty\u00f6voimaa. Vaikka tie liittyykin surullisiin tapahtumiin, se teki alueesta helposti saavutettavan ja avasi mahdollisuuden matkailun kehitt\u00e4miselle.<\/p><p class=\"\" data-start=\"919\" data-end=\"1367\">Sodan j\u00e4lkeen kalaisa Kielajoki houkutteli runsaasti retkeilij\u00f6it\u00e4 ja kalastajia. Mets\u00e4hallitus p\u00e4\u00e4tti osoittaa alueen viralliseksi leirint\u00e4paikaksi, ja n\u00e4in lomakyl\u00e4 Kiellatupa syntyi. Kiellatuvalla ja my\u00f6hemmin Giellajohkalla on ollut useita eri omistajia aina 1950-luvulta l\u00e4htien. Jokainen omistaja on omalla persoonallisella tavallaan vaikuttanut paikan kehittymiseen, ja nykyiset omistajat jatkavat t\u00e4t\u00e4 perinnett\u00e4 rakkaudella ja intohimolla.<\/p>\t\t\t\t\t\t\t\t<\/div>\n\t\t\t\t<\/div>\n\t\t\t\t\t<\/div>\n\t\t\t\t<\/div>\n\t\t<div class=\"elementor-element elementor-element-818a65c e-flex e-con-boxed e-con e-parent\" data-id=\"818a65c\" data-element_type=\"container\" data-e-type=\"container\" data-settings=\"{&quot;background_background&quot;:&quot;classic&quot;}\">\n\t\t\t\t\t<div class=\"e-con-inner\">\n\t\t<div class=\"elementor-element elementor-element-1686fc0 e-con-full e-flex e-con e-child\" data-id=\"1686fc0\" data-element_type=\"container\" data-e-type=\"container\">\n\t\t\t\t<div class=\"elementor-element elementor-element-a0e0f46 elementor-widget elementor-widget-heading\" data-id=\"a0e0f46\" data-element_type=\"widget\" data-e-type=\"widget\" data-widget_type=\"heading.default\">\n\t\t\t\t<div class=\"elementor-widget-container\">\n\t\t\t\t\t<h3 class=\"elementor-heading-title elementor-size-default\">Ota yhteytt\u00e4!<\/h3>\t\t\t\t<\/div>\n\t\t\t\t<\/div>\n\t\t\t\t<div class=\"elementor-element elementor-element-79c72f9 elementor-widget elementor-widget-text-editor\" data-id=\"79c72f9\" data-element_type=\"widget\" data-e-type=\"widget\" data-widget_type=\"text-editor.default\">\n\t\t\t\t<div class=\"elementor-widget-container\">\n\t\t\t\t\t\t\t\t\t<p>Valmiina irrottautumaan arjen kiireist\u00e4 ja uppoutumaan Lapin luonnon rauhaan? T\u00e4\u00e4ll\u00e4 voit rentoutua, virkisty\u00e4 ja nauttia unohtumattomista hetkist\u00e4. Ota yhteytt\u00e4 saadaksesi lis\u00e4tietoja tai varataksesi t\u00e4ydellisen lomasi!<\/p>\t\t\t\t\t\t\t\t<\/div>\n\t\t\t\t<\/div>\n\t\t\t\t<div class=\"elementor-element elementor-element-a84fc22 elementor-button-align-stretch elementor-widget elementor-widget-form\" data-id=\"a84fc22\" data-element_type=\"widget\" data-e-type=\"widget\" data-settings=\"{&quot;step_next_label&quot;:&quot;Next&quot;,&quot;step_previous_label&quot;:&quot;Previous&quot;,&quot;button_width&quot;:&quot;100&quot;,&quot;step_type&quot;:&quot;number_text&quot;,&quot;step_icon_shape&quot;:&quot;circle&quot;}\" data-widget_type=\"form.default\">\n\t\t\t\t<div class=\"elementor-widget-container\">\n\t\t\t\t\t\t\t<form class=\"elementor-form\" method=\"post\" name=\"Giellajohka yhteydenottolomake\" aria-label=\"Giellajohka yhteydenottolomake\">\n\t\t\t<input type=\"hidden\" name=\"post_id\" value=\"3774\"\/>\n\t\t\t<input type=\"hidden\" name=\"form_id\" value=\"a84fc22\"\/>\n\t\t\t<input type=\"hidden\" name=\"referer_title\" value=\"Historia - Giellajohka\" \/>\n\n\t\t\t\t\t\t\t<input type=\"hidden\" name=\"queried_id\" value=\"3774\"\/>\n\t\t\t\n\t\t\t<div class=\"elementor-form-fields-wrapper elementor-labels-\">\n\t\t\t\t\t\t\t\t<div class=\"elementor-field-type-text elementor-field-group elementor-column elementor-field-group-name elementor-col-100\">\n\t\t\t\t\t\t\t\t\t\t\t\t<label for=\"form-field-name\" class=\"elementor-field-label elementor-screen-only\">\n\t\t\t\t\t\t\t\tNimi\t\t\t\t\t\t\t<\/label>\n\t\t\t\t\t\t\t\t\t\t\t\t\t\t<input size=\"1\" type=\"text\" name=\"form_fields[name]\" id=\"form-field-name\" class=\"elementor-field elementor-size-sm  elementor-field-textual\" placeholder=\"Nimi\">\n\t\t\t\t\t\t\t\t\t\t\t<\/div>\n\t\t\t\t\t\t\t\t<div class=\"elementor-field-type-email elementor-field-group elementor-column elementor-field-group-email elementor-col-100 elementor-field-required\">\n\t\t\t\t\t\t\t\t\t\t\t\t<label for=\"form-field-email\" class=\"elementor-field-label elementor-screen-only\">\n\t\t\t\t\t\t\t\tS\u00e4hk\u00f6posti\t\t\t\t\t\t\t<\/label>\n\t\t\t\t\t\t\t\t\t\t\t\t\t\t<input size=\"1\" type=\"email\" name=\"form_fields[email]\" id=\"form-field-email\" class=\"elementor-field elementor-size-sm  elementor-field-textual\" placeholder=\"S\u00e4hk\u00f6posti\" required=\"required\">\n\t\t\t\t\t\t\t\t\t\t\t<\/div>\n\t\t\t\t\t\t\t\t<div class=\"elementor-field-type-textarea elementor-field-group elementor-column elementor-field-group-message elementor-col-100\">\n\t\t\t\t\t\t\t\t\t\t\t\t<label for=\"form-field-message\" class=\"elementor-field-label elementor-screen-only\">\n\t\t\t\t\t\t\t\tViesti\t\t\t\t\t\t\t<\/label>\n\t\t\t\t\t\t<textarea class=\"elementor-field-textual elementor-field  elementor-size-sm\" name=\"form_fields[message]\" id=\"form-field-message\" rows=\"4\" placeholder=\"Viesti\"><\/textarea>\t\t\t\t<\/div>\n\t\t\t\t\t\t\t\t<div class=\"elementor-field-type-text\">\n\t\t\t\t\t<input size=\"1\" type=\"text\" name=\"form_fields[field_a855b8f]\" id=\"form-field-field_a855b8f\" class=\"elementor-field elementor-size-sm \" style=\"display:none !important;\">\t\t\t\t<\/div>\n\t\t\t\t\t\t\t\t<div class=\"elementor-field-group elementor-column elementor-field-type-submit elementor-col-100 e-form__buttons\">\n\t\t\t\t\t<button class=\"elementor-button elementor-size-sm\" type=\"submit\">\n\t\t\t\t\t\t<span class=\"elementor-button-content-wrapper\">\n\t\t\t\t\t\t\t\t\t\t\t\t\t\t\t\t\t\t\t\t\t\t<span class=\"elementor-button-text\">L\u00e4het\u00e4<\/span>\n\t\t\t\t\t\t\t\t\t\t\t\t\t<\/span>\n\t\t\t\t\t<\/button>\n\t\t\t\t<\/div>\n\t\t\t<\/div>\n\t\t<\/form>\n\t\t\t\t\t\t<\/div>\n\t\t\t\t<\/div>\n\t\t\t\t<\/div>\n\t\t<div class=\"elementor-element elementor-element-56079ae e-con-full e-flex e-con e-child\" data-id=\"56079ae\" data-element_type=\"container\" data-e-type=\"container\">\n\t\t\t\t<div class=\"elementor-element elementor-element-a6214e5 elementor-icon-list--layout-traditional elementor-list-item-link-full_width elementor-widget elementor-widget-icon-list\" data-id=\"a6214e5\" data-element_type=\"widget\" data-e-type=\"widget\" data-widget_type=\"icon-list.default\">\n\t\t\t\t<div class=\"elementor-widget-container\">\n\t\t\t\t\t\t\t<ul class=\"elementor-icon-list-items\">\n\t\t\t\t\t\t\t<li class=\"elementor-icon-list-item\">\n\t\t\t\t\t\t\t\t\t\t\t<span class=\"elementor-icon-list-icon\">\n\t\t\t\t\t\t\t<i aria-hidden=\"true\" class=\"fas fa-phone\"><\/i>\t\t\t\t\t\t<\/span>\n\t\t\t\t\t\t\t\t\t\t<span class=\"elementor-icon-list-text\">+358 40 7386825<\/span>\n\t\t\t\t\t\t\t\t\t<\/li>\n\t\t\t\t\t\t\t\t<li class=\"elementor-icon-list-item\">\n\t\t\t\t\t\t\t\t\t\t\t<span class=\"elementor-icon-list-icon\">\n\t\t\t\t\t\t\t<i aria-hidden=\"true\" class=\"fas fa-mail-bulk\"><\/i>\t\t\t\t\t\t<\/span>\n\t\t\t\t\t\t\t\t\t\t<span class=\"elementor-icon-list-text\">info@giellajohka.fi<\/span>\n\t\t\t\t\t\t\t\t\t<\/li>\n\t\t\t\t\t\t\t\t<li class=\"elementor-icon-list-item\">\n\t\t\t\t\t\t\t\t\t\t\t<span class=\"elementor-icon-list-icon\">\n\t\t\t\t\t\t\t<i aria-hidden=\"true\" class=\"fas fa-map-pin\"><\/i>\t\t\t\t\t\t<\/span>\n\t\t\t\t\t\t\t\t\t\t<span class=\"elementor-icon-list-text\">Karigasniementie 2920  99910 Inari<\/span>\n\t\t\t\t\t\t\t\t\t<\/li>\n\t\t\t\t\t\t\t\t<li class=\"elementor-icon-list-item\">\n\t\t\t\t\t\t\t\t\t\t\t<a href=\"http:\/\/giellajohka.com\/FAQ\">\n\n\t\t\t\t\t\t\t\t\t\t\t\t<span class=\"elementor-icon-list-icon\">\n\t\t\t\t\t\t\t<i aria-hidden=\"true\" class=\"fas fa-question-circle\"><\/i>\t\t\t\t\t\t<\/span>\n\t\t\t\t\t\t\t\t\t\t<span class=\"elementor-icon-list-text\">Usein kysytyt kysymykset<\/span>\n\t\t\t\t\t\t\t\t\t\t\t<\/a>\n\t\t\t\t\t\t\t\t\t<\/li>\n\t\t\t\t\t\t<\/ul>\n\t\t\t\t\t\t<\/div>\n\t\t\t\t<\/div>\n\t\t\t\t<div class=\"elementor-element elementor-element-81364ab elementor-widget elementor-widget-google_maps\" data-id=\"81364ab\" data-element_type=\"widget\" data-e-type=\"widget\" data-widget_type=\"google_maps.default\">\n\t\t\t\t<div class=\"elementor-widget-container\">\n\t\t\t\t\t\t\t<div class=\"elementor-custom-embed\">\n\t\t\t<iframe loading=\"lazy\"\n\t\t\t\t\tsrc=\"https:\/\/maps.google.com\/maps?q=Giellajohka&#038;t=m&#038;z=10&#038;output=embed&#038;iwloc=near\"\n\t\t\t\t\ttitle=\"Giellajohka\"\n\t\t\t\t\taria-label=\"Giellajohka\"\n\t\t\t><\/iframe>\n\t\t<\/div>\n\t\t\t\t\t\t<\/div>\n\t\t\t\t<\/div>\n\t\t\t\t<\/div>\n\t\t\t\t\t<\/div>\n\t\t\t\t<\/div>\n\t\t\t\t<\/div>\n\t\t","protected":false},"excerpt":{"rendered":"<p>Historia Lue lis\u00e4\u00e4 Giellajohkan pitk\u00e4st\u00e4 ja kiehtovasta historiasta! Lue lis\u00e4\u00e4 Yli 60 vuotta majoitusta Giellajohkan kiinteist\u00f6 on yksi alueemme vanhimmista majoituskohteista. Sen tarina alkoi jo 1960-luvulla, jolloin ensimm\u00e4iset omistajat avasivat t\u00e4\u00e4ll\u00e4 pienen kahvilan palvelemaan l\u00e4hialueen tielaitoksen ty\u00f6ntekij\u00f6it\u00e4. Vuosikymmenten kuluessa kahvila kasvoi viihtyis\u00e4ksi lomakohteeksi ja aidoksi Lapin keitaaksi, joka houkuttelee vierailijoita l\u00e4helt\u00e4 ja kaukaa. Toisen maailmansodan [&hellip;]<\/p>\n","protected":false},"author":1,"featured_media":0,"parent":0,"menu_order":0,"comment_status":"closed","ping_status":"closed","template":"","meta":{"site-sidebar-layout":"no-sidebar","site-content-layout":"page-builder","ast-site-content-layout":"full-width-container","site-content-style":"unboxed","site-sidebar-style":"unboxed","ast-global-header-display":"","ast-banner-title-visibility":"","ast-main-header-display":"","ast-hfb-above-header-display":"","ast-hfb-below-header-display":"","ast-hfb-mobile-header-display":"","site-post-title":"disabled","ast-breadcrumbs-content":"","ast-featured-img":"disabled","footer-sml-layout":"","theme-transparent-header-meta":"","adv-header-id-meta":"","stick-header-meta":"","header-above-stick-meta":"","header-main-stick-meta":"","header-below-stick-meta":"","astra-migrate-meta-layouts":"set","ast-page-background-enabled":"default","ast-page-background-meta":{"desktop":{"background-color":"","background-image":"","background-repeat":"repeat","background-position":"center center","background-size":"auto","background-attachment":"scroll","background-type":"","background-media":"","overlay-type":"","overlay-color":"","overlay-opacity":"","overlay-gradient":""},"tablet":{"background-color":"","background-image":"","background-repeat":"repeat","background-position":"center center","background-size":"auto","background-attachment":"scroll","background-type":"","background-media":"","overlay-type":"","overlay-color":"","overlay-opacity":"","overlay-gradient":""},"mobile":{"background-color":"","background-image":"","background-repeat":"repeat","background-position":"center center","background-size":"auto","background-attachment":"scroll","background-type":"","background-media":"","overlay-type":"","overlay-color":"","overlay-opacity":"","overlay-gradient":""}},"ast-content-background-meta":{"desktop":{"background-color":"var(--ast-global-color-5)","background-image":"","background-repeat":"repeat","background-position":"center center","background-size":"auto","background-attachment":"scroll","background-type":"","background-media":"","overlay-type":"","overlay-color":"","overlay-opacity":"","overlay-gradient":""},"tablet":{"background-color":"var(--ast-global-color-5)","background-image":"","background-repeat":"repeat","background-position":"center center","background-size":"auto","background-attachment":"scroll","background-type":"","background-media":"","overlay-type":"","overlay-color":"","overlay-opacity":"","overlay-gradient":""},"mobile":{"background-color":"var(--ast-global-color-5)","background-image":"","background-repeat":"repeat","background-position":"center center","background-size":"auto","background-attachment":"scroll","background-type":"","background-media":"","overlay-type":"","overlay-color":"","overlay-opacity":"","overlay-gradient":""}},"footnotes":""},"class_list":["post-3774","page","type-page","status-publish","hentry"],"_links":{"self":[{"href":"https:\/\/giellajohka.com\/en\/wp-json\/wp\/v2\/pages\/3774","targetHints":{"allow":["GET"]}}],"collection":[{"href":"https:\/\/giellajohka.com\/en\/wp-json\/wp\/v2\/pages"}],"about":[{"href":"https:\/\/giellajohka.com\/en\/wp-json\/wp\/v2\/types\/page"}],"author":[{"embeddable":true,"href":"https:\/\/giellajohka.com\/en\/wp-json\/wp\/v2\/users\/1"}],"replies":[{"embeddable":true,"href":"https:\/\/giellajohka.com\/en\/wp-json\/wp\/v2\/comments?post=3774"}],"version-history":[{"count":59,"href":"https:\/\/giellajohka.com\/en\/wp-json\/wp\/v2\/pages\/3774\/revisions"}],"predecessor-version":[{"id":5831,"href":"https:\/\/giellajohka.com\/en\/wp-json\/wp\/v2\/pages\/3774\/revisions\/5831"}],"wp:attachment":[{"href":"https:\/\/giellajohka.com\/en\/wp-json\/wp\/v2\/media?parent=3774"}],"curies":[{"name":"wp","href":"https:\/\/api.w.org\/{rel}","templated":true}]}}