{"id":3770,"date":"2025-04-02T09:00:58","date_gmt":"2025-04-02T09:00:58","guid":{"rendered":"https:\/\/giellajohka.com\/?page_id=3770"},"modified":"2025-06-19T07:45:40","modified_gmt":"2025-06-19T07:45:40","slug":"meista","status":"publish","type":"page","link":"https:\/\/giellajohka.com\/en\/meista\/","title":{"rendered":"About Us"},"content":{"rendered":"\t\t<div data-elementor-type=\"wp-page\" data-elementor-id=\"3770\" class=\"elementor elementor-3770\" data-elementor-post-type=\"page\">\n\t\t\t\t<div class=\"elementor-element elementor-element-2922861 e-con-full e-flex e-con e-parent\" data-id=\"2922861\" data-element_type=\"container\" data-e-type=\"container\" data-settings=\"{&quot;background_background&quot;:&quot;classic&quot;}\">\n\t\t<div class=\"elementor-element elementor-element-ad2899f e-con-full e-flex e-con e-child\" data-id=\"ad2899f\" data-element_type=\"container\" data-e-type=\"container\">\n\t\t\t\t<div class=\"elementor-element elementor-element-34bb5f6 elementor-widget elementor-widget-image\" data-id=\"34bb5f6\" data-element_type=\"widget\" data-e-type=\"widget\" data-widget_type=\"image.default\">\n\t\t\t\t<div class=\"elementor-widget-container\">\n\t\t\t\t\t\t\t\t\t\t\t\t\t\t\t<img fetchpriority=\"high\" decoding=\"async\" width=\"1024\" height=\"256\" src=\"https:\/\/giellajohka.com\/wp-content\/uploads\/2024\/09\/Giellajohkatekstilogo-1024x256.png\" class=\"attachment-large size-large wp-image-1438\" alt=\"\" srcset=\"https:\/\/giellajohka.com\/wp-content\/uploads\/2024\/09\/Giellajohkatekstilogo-1024x256.png 1024w, https:\/\/giellajohka.com\/wp-content\/uploads\/2024\/09\/Giellajohkatekstilogo-300x75.png 300w, https:\/\/giellajohka.com\/wp-content\/uploads\/2024\/09\/Giellajohkatekstilogo-768x192.png 768w, https:\/\/giellajohka.com\/wp-content\/uploads\/2024\/09\/Giellajohkatekstilogo-18x5.png 18w, https:\/\/giellajohka.com\/wp-content\/uploads\/2024\/09\/Giellajohkatekstilogo-296x74.png 296w, https:\/\/giellajohka.com\/wp-content\/uploads\/2024\/09\/Giellajohkatekstilogo.png 1500w\" sizes=\"(max-width: 1024px) 100vw, 1024px\" \/>\t\t\t\t\t\t\t\t\t\t\t\t\t\t\t<\/div>\n\t\t\t\t<\/div>\n\t\t\t\t<div class=\"elementor-element elementor-element-b35a1a5 elementor-widget elementor-widget-heading\" data-id=\"b35a1a5\" data-element_type=\"widget\" data-e-type=\"widget\" data-widget_type=\"heading.default\">\n\t\t\t\t<div class=\"elementor-widget-container\">\n\t\t\t\t\t<h1 class=\"elementor-heading-title elementor-size-default\">Meist\u00e4<\/h1>\t\t\t\t<\/div>\n\t\t\t\t<\/div>\n\t\t\t\t<div class=\"elementor-element elementor-element-1475ed2 elementor-widget__width-initial elementor-widget elementor-widget-text-editor\" data-id=\"1475ed2\" data-element_type=\"widget\" data-e-type=\"widget\" data-widget_type=\"text-editor.default\">\n\t\t\t\t<div class=\"elementor-widget-container\">\n\t\t\t\t\t\t\t\t\t<p>Giellajohka on perheyritys, jonka juuret ulottuvat 1960-luvulle ja joka on kasvanut pienest\u00e4 kahvilasta tunnelmalliseksi lomakohteeksi Lapin syd\u00e4mess\u00e4. T\u00e4n\u00e4\u00e4n me yll\u00e4pid\u00e4mme t\u00e4t\u00e4 paikkaa rakkaudella, tarjoten vierailemme ainutlaatuisen kokemuksen pohjoisessa luonnossa.<\/p>\t\t\t\t\t\t\t\t<\/div>\n\t\t\t\t<\/div>\n\t\t\t\t<div class=\"elementor-element elementor-element-ef21da9 elementor-widget elementor-widget-button\" data-id=\"ef21da9\" data-element_type=\"widget\" data-e-type=\"widget\" data-widget_type=\"button.default\">\n\t\t\t\t<div class=\"elementor-widget-container\">\n\t\t\t\t\t\t\t\t\t<div class=\"elementor-button-wrapper\">\n\t\t\t\t\t<a class=\"elementor-button elementor-button-link elementor-size-sm\" href=\"#ota-yhteytta\">\n\t\t\t\t\t\t<span class=\"elementor-button-content-wrapper\">\n\t\t\t\t\t\t\t\t\t<span class=\"elementor-button-text\">Ota yhteytt\u00e4<\/span>\n\t\t\t\t\t<\/span>\n\t\t\t\t\t<\/a>\n\t\t\t\t<\/div>\n\t\t\t\t\t\t\t\t<\/div>\n\t\t\t\t<\/div>\n\t\t\t\t<\/div>\n\t\t\t\t<\/div>\n\t\t<div class=\"elementor-element elementor-element-ac647de e-flex e-con-boxed e-con e-parent\" data-id=\"ac647de\" data-element_type=\"container\" data-e-type=\"container\">\n\t\t\t\t\t<div class=\"e-con-inner\">\n\t\t<div class=\"elementor-element elementor-element-9ab9bb0 e-con-full e-flex e-con e-child\" data-id=\"9ab9bb0\" data-element_type=\"container\" data-e-type=\"container\" data-settings=\"{&quot;background_background&quot;:&quot;classic&quot;}\">\n\t\t\t\t<div class=\"elementor-element elementor-element-bb25ab1 elementor-widget elementor-widget-heading\" data-id=\"bb25ab1\" data-element_type=\"widget\" data-e-type=\"widget\" data-widget_type=\"heading.default\">\n\t\t\t\t<div class=\"elementor-widget-container\">\n\t\t\t\t\t<h2 class=\"elementor-heading-title elementor-size-default\">Historia<\/h2>\t\t\t\t<\/div>\n\t\t\t\t<\/div>\n\t\t\t\t<div class=\"elementor-element elementor-element-6faeb49 elementor-widget elementor-widget-text-editor\" data-id=\"6faeb49\" data-element_type=\"widget\" data-e-type=\"widget\" data-widget_type=\"text-editor.default\">\n\t\t\t\t<div class=\"elementor-widget-container\">\n\t\t\t\t\t\t\t\t\t<p><strong>Kurkista Giellajohkan tarinaan!<\/strong><\/p><p>Giellajohka on paljon enemm\u00e4n kuin vain lomakyl\u00e4 \u2013 se on pala Lapin historiaa, jonka juuret ulottuvat tuhansien vuosien taakse. Kivikautisista asukkaista saksalaisten sotilasleiriin ja pienen kahvilan muotoutumisesta tunnelmalliseksi majoituskohteeksi \u2013 jokainen aikakausi on j\u00e4tt\u00e4nyt j\u00e4lkens\u00e4 t\u00e4lle ainutlaatuiselle paikalle.<\/p><p>Tule mukaan matkalle menneisyyteen ja tutustu, miten Giellajohka on kasvanut ja kehittynyt vuosikymmenten saatossa!<\/p>\t\t\t\t\t\t\t\t<\/div>\n\t\t\t\t<\/div>\n\t\t\t\t<div class=\"elementor-element elementor-element-0aa4c77 elementor-widget elementor-widget-button\" data-id=\"0aa4c77\" data-element_type=\"widget\" data-e-type=\"widget\" data-widget_type=\"button.default\">\n\t\t\t\t<div class=\"elementor-widget-container\">\n\t\t\t\t\t\t\t\t\t<div class=\"elementor-button-wrapper\">\n\t\t\t\t\t<a class=\"elementor-button elementor-button-link elementor-size-sm\" href=\"https:\/\/giellajohka.com\/historia\/\">\n\t\t\t\t\t\t<span class=\"elementor-button-content-wrapper\">\n\t\t\t\t\t\t\t\t\t<span class=\"elementor-button-text\">Tutustu<\/span>\n\t\t\t\t\t<\/span>\n\t\t\t\t\t<\/a>\n\t\t\t\t<\/div>\n\t\t\t\t\t\t\t\t<\/div>\n\t\t\t\t<\/div>\n\t\t\t\t<\/div>\n\t\t<div class=\"elementor-element elementor-element-45d52c5 e-con-full e-flex e-con e-child\" data-id=\"45d52c5\" data-element_type=\"container\" data-e-type=\"container\" data-settings=\"{&quot;background_background&quot;:&quot;video&quot;}\">\n\t\t\t\t<div class=\"elementor-element elementor-element-e2be475 elementor-widget elementor-widget-image\" data-id=\"e2be475\" data-element_type=\"widget\" data-e-type=\"widget\" data-widget_type=\"image.default\">\n\t\t\t\t<div class=\"elementor-widget-container\">\n\t\t\t\t\t\t\t\t\t\t\t\t\t\t\t<img decoding=\"async\" width=\"1024\" height=\"683\" src=\"https:\/\/giellajohka.com\/wp-content\/uploads\/2024\/11\/Kielaniemi-1024x683.jpg\" class=\"attachment-large size-large wp-image-2252\" alt=\"Vaellus\" srcset=\"https:\/\/giellajohka.com\/wp-content\/uploads\/2024\/11\/Kielaniemi-1024x683.jpg 1024w, https:\/\/giellajohka.com\/wp-content\/uploads\/2024\/11\/Kielaniemi-300x200.jpg 300w, https:\/\/giellajohka.com\/wp-content\/uploads\/2024\/11\/Kielaniemi-768x512.jpg 768w, https:\/\/giellajohka.com\/wp-content\/uploads\/2024\/11\/Kielaniemi-1536x1024.jpg 1536w, https:\/\/giellajohka.com\/wp-content\/uploads\/2024\/11\/Kielaniemi.jpg 2048w\" sizes=\"(max-width: 1024px) 100vw, 1024px\" \/>\t\t\t\t\t\t\t\t\t\t\t\t\t\t\t<\/div>\n\t\t\t\t<\/div>\n\t\t\t\t<\/div>\n\t\t\t\t\t<\/div>\n\t\t\t\t<\/div>\n\t\t<div class=\"elementor-element elementor-element-d33e4b1 e-flex e-con-boxed e-con e-parent\" data-id=\"d33e4b1\" data-element_type=\"container\" data-e-type=\"container\">\n\t\t\t\t\t<div class=\"e-con-inner\">\n\t\t<div class=\"elementor-element elementor-element-2f54b5e e-con-full e-flex e-con e-child\" data-id=\"2f54b5e\" data-element_type=\"container\" data-e-type=\"container\" data-settings=\"{&quot;background_background&quot;:&quot;classic&quot;}\">\n\t\t\t\t<div class=\"elementor-element elementor-element-3bb0b38 elementor-widget elementor-widget-heading\" data-id=\"3bb0b38\" data-element_type=\"widget\" data-e-type=\"widget\" data-widget_type=\"heading.default\">\n\t\t\t\t<div class=\"elementor-widget-container\">\n\t\t\t\t\t<h2 class=\"elementor-heading-title elementor-size-default\">Henkil\u00f6st\u00f6<\/h2>\t\t\t\t<\/div>\n\t\t\t\t<\/div>\n\t\t\t\t<div class=\"elementor-element elementor-element-5dce429 elementor-widget elementor-widget-text-editor\" data-id=\"5dce429\" data-element_type=\"widget\" data-e-type=\"widget\" data-widget_type=\"text-editor.default\">\n\t\t\t\t<div class=\"elementor-widget-container\">\n\t\t\t\t\t\t\t\t\t<p><strong>Giellajohkan tarina \u2013 menneisyydest\u00e4 t\u00e4h\u00e4n p\u00e4iv\u00e4\u00e4n<\/strong><\/p><p>Miten pienest\u00e4 kahvilasta kasvoi viihtyis\u00e4 lomakeidas keskelle Lapin er\u00e4maata? Giellajohkan historia ulottuu vuosikymmenten taakse, aina 1960-luvulle, mutta alueen menneisyys kantaa mukanaan my\u00f6s toisen maailmansodan varjoja.<\/p><p>T\u00e4n\u00e4 p\u00e4iv\u00e4n\u00e4 Giellajohkaa yll\u00e4pit\u00e4\u00e4 perhe, joka rakkaudella jatkaa paikan kehitt\u00e4mist\u00e4 \u2013 jokaiselle ohikulkevalle sielulle. Tutustu kiehtovaan historiaan ja siihen, mit\u00e4 Giellajohka on t\u00e4n\u00e4\u00e4n!<\/p>\t\t\t\t\t\t\t\t<\/div>\n\t\t\t\t<\/div>\n\t\t\t\t<div class=\"elementor-element elementor-element-098d3ad elementor-widget elementor-widget-button\" data-id=\"098d3ad\" data-element_type=\"widget\" data-e-type=\"widget\" data-widget_type=\"button.default\">\n\t\t\t\t<div class=\"elementor-widget-container\">\n\t\t\t\t\t\t\t\t\t<div class=\"elementor-button-wrapper\">\n\t\t\t\t\t<a class=\"elementor-button elementor-button-link elementor-size-sm\" href=\"https:\/\/giellajohka.com\/henkilosto\">\n\t\t\t\t\t\t<span class=\"elementor-button-content-wrapper\">\n\t\t\t\t\t\t\t\t\t<span class=\"elementor-button-text\">Tutustu<\/span>\n\t\t\t\t\t<\/span>\n\t\t\t\t\t<\/a>\n\t\t\t\t<\/div>\n\t\t\t\t\t\t\t\t<\/div>\n\t\t\t\t<\/div>\n\t\t\t\t<\/div>\n\t\t<div class=\"elementor-element elementor-element-348258c e-con-full e-flex e-con e-child\" data-id=\"348258c\" data-element_type=\"container\" data-e-type=\"container\" data-settings=\"{&quot;background_background&quot;:&quot;video&quot;}\">\n\t\t\t\t<div class=\"elementor-element elementor-element-46faa0f elementor-widget elementor-widget-image\" data-id=\"46faa0f\" data-element_type=\"widget\" data-e-type=\"widget\" data-widget_type=\"image.default\">\n\t\t\t\t<div class=\"elementor-widget-container\">\n\t\t\t\t\t\t\t\t\t\t\t\t\t\t\t<img decoding=\"async\" width=\"1024\" height=\"683\" src=\"https:\/\/giellajohka.com\/wp-content\/uploads\/2025\/06\/Giellajohka-team-1024x683.jpg\" class=\"attachment-large size-large wp-image-6109\" alt=\"\" srcset=\"https:\/\/giellajohka.com\/wp-content\/uploads\/2025\/06\/Giellajohka-team-1024x683.jpg 1024w, https:\/\/giellajohka.com\/wp-content\/uploads\/2025\/06\/Giellajohka-team-300x200.jpg 300w, https:\/\/giellajohka.com\/wp-content\/uploads\/2025\/06\/Giellajohka-team-768x512.jpg 768w, https:\/\/giellajohka.com\/wp-content\/uploads\/2025\/06\/Giellajohka-team-1536x1024.jpg 1536w, https:\/\/giellajohka.com\/wp-content\/uploads\/2025\/06\/Giellajohka-team-2048x1365.jpg 2048w, https:\/\/giellajohka.com\/wp-content\/uploads\/2025\/06\/Giellajohka-team-18x12.jpg 18w\" sizes=\"(max-width: 1024px) 100vw, 1024px\" \/>\t\t\t\t\t\t\t\t\t\t\t\t\t\t\t<\/div>\n\t\t\t\t<\/div>\n\t\t\t\t<\/div>\n\t\t\t\t\t<\/div>\n\t\t\t\t<\/div>\n\t\t<div class=\"elementor-element elementor-element-fab4cc2 e-flex e-con-boxed e-con e-parent\" data-id=\"fab4cc2\" data-element_type=\"container\" data-e-type=\"container\">\n\t\t\t\t\t<div class=\"e-con-inner\">\n\t\t<div class=\"elementor-element elementor-element-23807e6 e-con-full e-flex e-con e-child\" data-id=\"23807e6\" data-element_type=\"container\" data-e-type=\"container\" data-settings=\"{&quot;background_background&quot;:&quot;classic&quot;}\">\n\t\t\t\t<div class=\"elementor-element elementor-element-2ab2e5e elementor-widget elementor-widget-heading\" data-id=\"2ab2e5e\" data-element_type=\"widget\" data-e-type=\"widget\" data-widget_type=\"heading.default\">\n\t\t\t\t<div class=\"elementor-widget-container\">\n\t\t\t\t\t<h2 class=\"elementor-heading-title elementor-size-default\">Vastuullisuus<\/h2>\t\t\t\t<\/div>\n\t\t\t\t<\/div>\n\t\t\t\t<div class=\"elementor-element elementor-element-720472f elementor-widget elementor-widget-text-editor\" data-id=\"720472f\" data-element_type=\"widget\" data-e-type=\"widget\" data-widget_type=\"text-editor.default\">\n\t\t\t\t<div class=\"elementor-widget-container\">\n\t\t\t\t\t\t\t\t\t<p><strong>Vastuullisuus \u2013 yhdess\u00e4 puhtaamman luonnon puolesta<\/strong><\/p><p>Lapin luonto on ainutlaatuinen ja herkk\u00e4 \u2013 siksi sen vaaliminen on syd\u00e4menasia meille Giellajohkassa. Kest\u00e4v\u00e4 matkailu, ekologiset valinnat ja luonnon kunnioittaminen ovat osa jokap\u00e4iv\u00e4ist\u00e4 toimintaamme.<\/p><p>Miten me huolehdimme ymp\u00e4rist\u00f6st\u00e4 ja miten sin\u00e4 voit osallistua? Lue lis\u00e4\u00e4 ja tule osaksi vastuullisempaa matkailua!<\/p>\t\t\t\t\t\t\t\t<\/div>\n\t\t\t\t<\/div>\n\t\t\t\t<div class=\"elementor-element elementor-element-67abf67 elementor-widget elementor-widget-button\" data-id=\"67abf67\" data-element_type=\"widget\" data-e-type=\"widget\" data-widget_type=\"button.default\">\n\t\t\t\t<div class=\"elementor-widget-container\">\n\t\t\t\t\t\t\t\t\t<div class=\"elementor-button-wrapper\">\n\t\t\t\t\t<a class=\"elementor-button elementor-button-link elementor-size-sm\" href=\"https:\/\/giellajohka.com\/vastuullisuus\">\n\t\t\t\t\t\t<span class=\"elementor-button-content-wrapper\">\n\t\t\t\t\t\t\t\t\t<span class=\"elementor-button-text\">Tutustu<\/span>\n\t\t\t\t\t<\/span>\n\t\t\t\t\t<\/a>\n\t\t\t\t<\/div>\n\t\t\t\t\t\t\t\t<\/div>\n\t\t\t\t<\/div>\n\t\t\t\t<\/div>\n\t\t<div class=\"elementor-element elementor-element-fb6e41d e-con-full e-flex e-con e-child\" data-id=\"fb6e41d\" data-element_type=\"container\" data-e-type=\"container\" data-settings=\"{&quot;background_background&quot;:&quot;video&quot;}\">\n\t\t\t\t<div class=\"elementor-element elementor-element-d4a0cc9 elementor-widget elementor-widget-image\" data-id=\"d4a0cc9\" data-element_type=\"widget\" data-e-type=\"widget\" data-widget_type=\"image.default\">\n\t\t\t\t<div class=\"elementor-widget-container\">\n\t\t\t\t\t\t\t\t\t\t\t\t\t\t\t<img loading=\"lazy\" decoding=\"async\" width=\"1024\" height=\"768\" src=\"https:\/\/giellajohka.com\/wp-content\/uploads\/2024\/11\/Snapinsta.app_314903857_790412585361811_9064765808955719599_n_1080-1024x768.jpg\" class=\"attachment-large size-large wp-image-1892\" alt=\"\" srcset=\"https:\/\/giellajohka.com\/wp-content\/uploads\/2024\/11\/Snapinsta.app_314903857_790412585361811_9064765808955719599_n_1080-1024x768.jpg 1024w, https:\/\/giellajohka.com\/wp-content\/uploads\/2024\/11\/Snapinsta.app_314903857_790412585361811_9064765808955719599_n_1080-300x225.jpg 300w, https:\/\/giellajohka.com\/wp-content\/uploads\/2024\/11\/Snapinsta.app_314903857_790412585361811_9064765808955719599_n_1080-768x576.jpg 768w, https:\/\/giellajohka.com\/wp-content\/uploads\/2024\/11\/Snapinsta.app_314903857_790412585361811_9064765808955719599_n_1080.jpg 1080w\" sizes=\"(max-width: 1024px) 100vw, 1024px\" \/>\t\t\t\t\t\t\t\t\t\t\t\t\t\t\t<\/div>\n\t\t\t\t<\/div>\n\t\t\t\t<\/div>\n\t\t\t\t\t<\/div>\n\t\t\t\t<\/div>\n\t\t<div class=\"elementor-element elementor-element-85036e7 e-flex e-con-boxed e-con e-parent\" data-id=\"85036e7\" data-element_type=\"container\" data-e-type=\"container\" id=\"ota-yhteytta\" data-settings=\"{&quot;background_background&quot;:&quot;classic&quot;}\">\n\t\t\t\t\t<div class=\"e-con-inner\">\n\t\t<div class=\"elementor-element elementor-element-da75a4d e-con-full e-flex e-con e-child\" data-id=\"da75a4d\" data-element_type=\"container\" data-e-type=\"container\">\n\t\t\t\t<div class=\"elementor-element elementor-element-aaee60f elementor-widget elementor-widget-heading\" data-id=\"aaee60f\" data-element_type=\"widget\" data-e-type=\"widget\" data-widget_type=\"heading.default\">\n\t\t\t\t<div class=\"elementor-widget-container\">\n\t\t\t\t\t<h3 class=\"elementor-heading-title elementor-size-default\">Ota yhteytt\u00e4!<\/h3>\t\t\t\t<\/div>\n\t\t\t\t<\/div>\n\t\t\t\t<div class=\"elementor-element elementor-element-8836265 elementor-widget elementor-widget-text-editor\" data-id=\"8836265\" data-element_type=\"widget\" data-e-type=\"widget\" data-widget_type=\"text-editor.default\">\n\t\t\t\t<div class=\"elementor-widget-container\">\n\t\t\t\t\t\t\t\t\t<p>Valmiina irrottautumaan arjen kiireist\u00e4 ja uppoutumaan Lapin luonnon rauhaan? T\u00e4\u00e4ll\u00e4 voit rentoutua, virkisty\u00e4 ja nauttia unohtumattomista hetkist\u00e4. Ota yhteytt\u00e4 saadaksesi lis\u00e4tietoja tai varataksesi t\u00e4ydellisen lomasi!<\/p>\t\t\t\t\t\t\t\t<\/div>\n\t\t\t\t<\/div>\n\t\t\t\t<div class=\"elementor-element elementor-element-7fe75cb elementor-button-align-stretch elementor-widget elementor-widget-form\" data-id=\"7fe75cb\" data-element_type=\"widget\" data-e-type=\"widget\" data-settings=\"{&quot;step_next_label&quot;:&quot;Next&quot;,&quot;step_previous_label&quot;:&quot;Previous&quot;,&quot;button_width&quot;:&quot;100&quot;,&quot;step_type&quot;:&quot;number_text&quot;,&quot;step_icon_shape&quot;:&quot;circle&quot;}\" data-widget_type=\"form.default\">\n\t\t\t\t<div class=\"elementor-widget-container\">\n\t\t\t\t\t\t\t<form class=\"elementor-form\" method=\"post\" name=\"Giellajohka yhteydenottolomake\" aria-label=\"Giellajohka yhteydenottolomake\">\n\t\t\t<input type=\"hidden\" name=\"post_id\" value=\"3770\"\/>\n\t\t\t<input type=\"hidden\" name=\"form_id\" value=\"7fe75cb\"\/>\n\t\t\t<input type=\"hidden\" name=\"referer_title\" value=\"\" \/>\n\n\t\t\t\n\t\t\t<div class=\"elementor-form-fields-wrapper elementor-labels-\">\n\t\t\t\t\t\t\t\t<div class=\"elementor-field-type-text elementor-field-group elementor-column elementor-field-group-name elementor-col-100\">\n\t\t\t\t\t\t\t\t\t\t\t\t<label for=\"form-field-name\" class=\"elementor-field-label elementor-screen-only\">\n\t\t\t\t\t\t\t\tNimi\t\t\t\t\t\t\t<\/label>\n\t\t\t\t\t\t\t\t\t\t\t\t\t\t<input size=\"1\" type=\"text\" name=\"form_fields[name]\" id=\"form-field-name\" class=\"elementor-field elementor-size-sm  elementor-field-textual\" placeholder=\"Nimi\">\n\t\t\t\t\t\t\t\t\t\t\t<\/div>\n\t\t\t\t\t\t\t\t<div class=\"elementor-field-type-email elementor-field-group elementor-column elementor-field-group-email elementor-col-100 elementor-field-required\">\n\t\t\t\t\t\t\t\t\t\t\t\t<label for=\"form-field-email\" class=\"elementor-field-label elementor-screen-only\">\n\t\t\t\t\t\t\t\tS\u00e4hk\u00f6posti\t\t\t\t\t\t\t<\/label>\n\t\t\t\t\t\t\t\t\t\t\t\t\t\t<input size=\"1\" type=\"email\" name=\"form_fields[email]\" id=\"form-field-email\" class=\"elementor-field elementor-size-sm  elementor-field-textual\" placeholder=\"S\u00e4hk\u00f6posti\" required=\"required\">\n\t\t\t\t\t\t\t\t\t\t\t<\/div>\n\t\t\t\t\t\t\t\t<div class=\"elementor-field-type-textarea elementor-field-group elementor-column elementor-field-group-message elementor-col-100\">\n\t\t\t\t\t\t\t\t\t\t\t\t<label for=\"form-field-message\" class=\"elementor-field-label elementor-screen-only\">\n\t\t\t\t\t\t\t\tViesti\t\t\t\t\t\t\t<\/label>\n\t\t\t\t\t\t<textarea class=\"elementor-field-textual elementor-field  elementor-size-sm\" name=\"form_fields[message]\" id=\"form-field-message\" rows=\"4\" placeholder=\"Viesti\"><\/textarea>\t\t\t\t<\/div>\n\t\t\t\t\t\t\t\t<div class=\"elementor-field-type-text\">\n\t\t\t\t\t<input size=\"1\" type=\"text\" name=\"form_fields[field_a855b8f]\" id=\"form-field-field_a855b8f\" class=\"elementor-field elementor-size-sm \" style=\"display:none !important;\">\t\t\t\t<\/div>\n\t\t\t\t\t\t\t\t<div class=\"elementor-field-group elementor-column elementor-field-type-submit elementor-col-100 e-form__buttons\">\n\t\t\t\t\t<button class=\"elementor-button elementor-size-sm\" type=\"submit\">\n\t\t\t\t\t\t<span class=\"elementor-button-content-wrapper\">\n\t\t\t\t\t\t\t\t\t\t\t\t\t\t\t\t\t\t\t\t\t\t<span class=\"elementor-button-text\">L\u00e4het\u00e4<\/span>\n\t\t\t\t\t\t\t\t\t\t\t\t\t<\/span>\n\t\t\t\t\t<\/button>\n\t\t\t\t<\/div>\n\t\t\t<\/div>\n\t\t<\/form>\n\t\t\t\t\t\t<\/div>\n\t\t\t\t<\/div>\n\t\t\t\t<\/div>\n\t\t<div class=\"elementor-element elementor-element-48d13f4 e-con-full e-flex e-con e-child\" data-id=\"48d13f4\" data-element_type=\"container\" data-e-type=\"container\">\n\t\t\t\t<div class=\"elementor-element elementor-element-d677ee0 elementor-icon-list--layout-traditional elementor-list-item-link-full_width elementor-widget elementor-widget-icon-list\" data-id=\"d677ee0\" data-element_type=\"widget\" data-e-type=\"widget\" data-widget_type=\"icon-list.default\">\n\t\t\t\t<div class=\"elementor-widget-container\">\n\t\t\t\t\t\t\t<ul class=\"elementor-icon-list-items\">\n\t\t\t\t\t\t\t<li class=\"elementor-icon-list-item\">\n\t\t\t\t\t\t\t\t\t\t\t<span class=\"elementor-icon-list-icon\">\n\t\t\t\t\t\t\t<i aria-hidden=\"true\" class=\"fas fa-phone\"><\/i>\t\t\t\t\t\t<\/span>\n\t\t\t\t\t\t\t\t\t\t<span class=\"elementor-icon-list-text\">+358 40 7386825<\/span>\n\t\t\t\t\t\t\t\t\t<\/li>\n\t\t\t\t\t\t\t\t<li class=\"elementor-icon-list-item\">\n\t\t\t\t\t\t\t\t\t\t\t<span class=\"elementor-icon-list-icon\">\n\t\t\t\t\t\t\t<i aria-hidden=\"true\" class=\"fas fa-mail-bulk\"><\/i>\t\t\t\t\t\t<\/span>\n\t\t\t\t\t\t\t\t\t\t<span class=\"elementor-icon-list-text\">info@giellajohka.fi<\/span>\n\t\t\t\t\t\t\t\t\t<\/li>\n\t\t\t\t\t\t\t\t<li class=\"elementor-icon-list-item\">\n\t\t\t\t\t\t\t\t\t\t\t<span class=\"elementor-icon-list-icon\">\n\t\t\t\t\t\t\t<i aria-hidden=\"true\" class=\"fas fa-map-pin\"><\/i>\t\t\t\t\t\t<\/span>\n\t\t\t\t\t\t\t\t\t\t<span class=\"elementor-icon-list-text\">Karigasniementie 2920  99910 Inari<\/span>\n\t\t\t\t\t\t\t\t\t<\/li>\n\t\t\t\t\t\t\t\t<li class=\"elementor-icon-list-item\">\n\t\t\t\t\t\t\t\t\t\t\t<a href=\"http:\/\/giellajohka.com\/FAQ\">\n\n\t\t\t\t\t\t\t\t\t\t\t\t<span class=\"elementor-icon-list-icon\">\n\t\t\t\t\t\t\t<i aria-hidden=\"true\" class=\"fas fa-question-circle\"><\/i>\t\t\t\t\t\t<\/span>\n\t\t\t\t\t\t\t\t\t\t<span class=\"elementor-icon-list-text\">Usein kysytyt kysymykset<\/span>\n\t\t\t\t\t\t\t\t\t\t\t<\/a>\n\t\t\t\t\t\t\t\t\t<\/li>\n\t\t\t\t\t\t<\/ul>\n\t\t\t\t\t\t<\/div>\n\t\t\t\t<\/div>\n\t\t\t\t<div class=\"elementor-element elementor-element-1d1dadd elementor-widget elementor-widget-google_maps\" data-id=\"1d1dadd\" data-element_type=\"widget\" data-e-type=\"widget\" data-widget_type=\"google_maps.default\">\n\t\t\t\t<div class=\"elementor-widget-container\">\n\t\t\t\t\t\t\t<div class=\"elementor-custom-embed\">\n\t\t\t<iframe loading=\"lazy\"\n\t\t\t\t\tsrc=\"https:\/\/maps.google.com\/maps?q=Giellajohka&#038;t=m&#038;z=10&#038;output=embed&#038;iwloc=near\"\n\t\t\t\t\ttitle=\"Giellajohka\"\n\t\t\t\t\taria-label=\"Giellajohka\"\n\t\t\t><\/iframe>\n\t\t<\/div>\n\t\t\t\t\t\t<\/div>\n\t\t\t\t<\/div>\n\t\t\t\t<\/div>\n\t\t\t\t\t<\/div>\n\t\t\t\t<\/div>\n\t\t\t\t<\/div>\n\t\t","protected":false},"excerpt":{"rendered":"<p>Meist\u00e4 Giellajohka on perheyritys, jonka juuret ulottuvat 1960-luvulle ja joka on kasvanut pienest\u00e4 kahvilasta tunnelmalliseksi lomakohteeksi Lapin syd\u00e4mess\u00e4. T\u00e4n\u00e4\u00e4n me yll\u00e4pid\u00e4mme t\u00e4t\u00e4 paikkaa rakkaudella, tarjoten vierailemme ainutlaatuisen kokemuksen pohjoisessa luonnossa. Ota yhteytt\u00e4 Historia Kurkista Giellajohkan tarinaan! Giellajohka on paljon enemm\u00e4n kuin vain lomakyl\u00e4 \u2013 se on pala Lapin historiaa, jonka juuret ulottuvat tuhansien vuosien taakse. [&hellip;]<\/p>\n","protected":false},"author":1,"featured_media":0,"parent":0,"menu_order":0,"comment_status":"closed","ping_status":"closed","template":"","meta":{"site-sidebar-layout":"no-sidebar","site-content-layout":"page-builder","ast-site-content-layout":"full-width-container","site-content-style":"unboxed","site-sidebar-style":"unboxed","ast-global-header-display":"","ast-banner-title-visibility":"","ast-main-header-display":"","ast-hfb-above-header-display":"","ast-hfb-below-header-display":"","ast-hfb-mobile-header-display":"","site-post-title":"disabled","ast-breadcrumbs-content":"","ast-featured-img":"disabled","footer-sml-layout":"","theme-transparent-header-meta":"","adv-header-id-meta":"","stick-header-meta":"","header-above-stick-meta":"","header-main-stick-meta":"","header-below-stick-meta":"","astra-migrate-meta-layouts":"set","ast-page-background-enabled":"default","ast-page-background-meta":{"desktop":{"background-color":"","background-image":"","background-repeat":"repeat","background-position":"center center","background-size":"auto","background-attachment":"scroll","background-type":"","background-media":"","overlay-type":"","overlay-color":"","overlay-opacity":"","overlay-gradient":""},"tablet":{"background-color":"","background-image":"","background-repeat":"repeat","background-position":"center center","background-size":"auto","background-attachment":"scroll","background-type":"","background-media":"","overlay-type":"","overlay-color":"","overlay-opacity":"","overlay-gradient":""},"mobile":{"background-color":"","background-image":"","background-repeat":"repeat","background-position":"center center","background-size":"auto","background-attachment":"scroll","background-type":"","background-media":"","overlay-type":"","overlay-color":"","overlay-opacity":"","overlay-gradient":""}},"ast-content-background-meta":{"desktop":{"background-color":"var(--ast-global-color-5)","background-image":"","background-repeat":"repeat","background-position":"center center","background-size":"auto","background-attachment":"scroll","background-type":"","background-media":"","overlay-type":"","overlay-color":"","overlay-opacity":"","overlay-gradient":""},"tablet":{"background-color":"var(--ast-global-color-5)","background-image":"","background-repeat":"repeat","background-position":"center center","background-size":"auto","background-attachment":"scroll","background-type":"","background-media":"","overlay-type":"","overlay-color":"","overlay-opacity":"","overlay-gradient":""},"mobile":{"background-color":"var(--ast-global-color-5)","background-image":"","background-repeat":"repeat","background-position":"center center","background-size":"auto","background-attachment":"scroll","background-type":"","background-media":"","overlay-type":"","overlay-color":"","overlay-opacity":"","overlay-gradient":""}},"footnotes":""},"class_list":["post-3770","page","type-page","status-publish","hentry"],"_links":{"self":[{"href":"https:\/\/giellajohka.com\/en\/wp-json\/wp\/v2\/pages\/3770","targetHints":{"allow":["GET"]}}],"collection":[{"href":"https:\/\/giellajohka.com\/en\/wp-json\/wp\/v2\/pages"}],"about":[{"href":"https:\/\/giellajohka.com\/en\/wp-json\/wp\/v2\/types\/page"}],"author":[{"embeddable":true,"href":"https:\/\/giellajohka.com\/en\/wp-json\/wp\/v2\/users\/1"}],"replies":[{"embeddable":true,"href":"https:\/\/giellajohka.com\/en\/wp-json\/wp\/v2\/comments?post=3770"}],"version-history":[{"count":77,"href":"https:\/\/giellajohka.com\/en\/wp-json\/wp\/v2\/pages\/3770\/revisions"}],"predecessor-version":[{"id":6336,"href":"https:\/\/giellajohka.com\/en\/wp-json\/wp\/v2\/pages\/3770\/revisions\/6336"}],"wp:attachment":[{"href":"https:\/\/giellajohka.com\/en\/wp-json\/wp\/v2\/media?parent=3770"}],"curies":[{"name":"wp","href":"https:\/\/api.w.org\/{rel}","templated":true}]}}